{"id":37277,"date":"2022-08-05T19:27:45","date_gmt":"2022-11-19T11:53:36","guid":{"rendered":"https:\/\/dake.es\/catalogo\/sem%20categoria\/stratus-edge-1200\/"},"modified":"2023-06-13T09:19:00","modified_gmt":"2023-06-13T07:19:00","slug":"stratus-edge-1200-2-2","status":"publish","type":"product","link":"https:\/\/dake.es\/pt-pt\/catalogo\/all-in-one-pt-pt\/stratus-edge-1200-2-2\/","title":{"rendered":"STRATUS EDGE 1200"},"content":{"rendered":"<p>A gama de exaustores Stratus Edge oferece exaustores de teto tanto na vers\u00e3o A (motor externo) como B (motor interno). Dois acabamentos: branco e a\u00e7o inoxid\u00e1vel. Vers\u00f5es com e sem ilumina\u00e7\u00e3o (LEDS).<\/p>\n","protected":false},"excerpt":{"rendered":"<p>Stratus Edge 1200 com motor interno<\/p>\n","protected":false},"featured_media":8195,"template":"","meta":{"site-sidebar-layout":"default","site-content-layout":"default","ast-site-content-layout":"default","site-content-style":"default","site-sidebar-style":"default","ast-global-header-display":"","ast-banner-title-visibility":"","ast-main-header-display":"","ast-hfb-above-header-display":"","ast-hfb-below-header-display":"","ast-hfb-mobile-header-display":"","site-post-title":"","ast-breadcrumbs-content":"","ast-featured-img":"","footer-sml-layout":"","ast-disable-related-posts":"","theme-transparent-header-meta":"default","adv-header-id-meta":"","stick-header-meta":"default","header-above-stick-meta":"","header-main-stick-meta":"","header-below-stick-meta":"","astra-migrate-meta-layouts":"default","ast-page-background-enabled":"default","ast-page-background-meta":{"desktop":{"background-color":"","background-image":"","background-repeat":"repeat","background-position":"center center","background-size":"auto","background-attachment":"scroll","background-type":"","background-media":"","overlay-type":"","overlay-color":"","overlay-opacity":"","overlay-gradient":""},"tablet":{"background-color":"","background-image":"","background-repeat":"repeat","background-position":"center center","background-size":"auto","background-attachment":"scroll","background-type":"","background-media":"","overlay-type":"","overlay-color":"","overlay-opacity":"","overlay-gradient":""},"mobile":{"background-color":"","background-image":"","background-repeat":"repeat","background-position":"center center","background-size":"auto","background-attachment":"scroll","background-type":"","background-media":"","overlay-type":"","overlay-color":"","overlay-opacity":"","overlay-gradient":""}},"ast-content-background-meta":{"desktop":{"background-color":"var(--ast-global-color-5)","background-image":"","background-repeat":"repeat","background-position":"center center","background-size":"auto","background-attachment":"scroll","background-type":"","background-media":"","overlay-type":"","overlay-color":"","overlay-opacity":"","overlay-gradient":""},"tablet":{"background-color":"var(--ast-global-color-5)","background-image":"","background-repeat":"repeat","background-position":"center center","background-size":"auto","background-attachment":"scroll","background-type":"","background-media":"","overlay-type":"","overlay-color":"","overlay-opacity":"","overlay-gradient":""},"mobile":{"background-color":"var(--ast-global-color-5)","background-image":"","background-repeat":"repeat","background-position":"center center","background-size":"auto","background-attachment":"scroll","background-type":"","background-media":"","overlay-type":"","overlay-color":"","overlay-opacity":"","overlay-gradient":""}}},"product_brand":[],"product_cat":[669],"product_tag":[],"marcas":[364],"class_list":{"0":"post-37277","1":"product","2":"type-product","3":"status-publish","4":"has-post-thumbnail","6":"product_cat-all-in-one-pt-pt","7":"marcas-westin-pt-pt","8":"desktop-align-center","9":"tablet-align-left","10":"mobile-align-left","11":"ast-product-gallery-layout-horizontal","12":"ast-product-gallery-with-no-image","13":"ast-magnify-disabled","14":"ast-product-single-variable","15":"ast-product-tabs-layout-horizontal","17":"first","18":"instock","19":"shipping-taxable","20":"purchasable","21":"product-type-variable"},"yoast_head":"<!-- This site is optimized with the Yoast SEO plugin v27.1.1 - https:\/\/yoast.com\/product\/yoast-seo-wordpress\/ -->\n<title>STRATUS EDGE 1200 |<\/title>\n<meta name=\"robots\" content=\"index, follow, max-snippet:-1, max-image-preview:large, max-video-preview:-1\" \/>\n<link rel=\"canonical\" href=\"https:\/\/dake.es\/pt-pt\/catalogo\/all-in-one-pt-pt\/stratus-edge-1200-2-2\/\" \/>\n<meta property=\"og:locale\" content=\"pt_PT\" \/>\n<meta property=\"og:type\" content=\"article\" \/>\n<meta property=\"og:title\" content=\"STRATUS EDGE 1200 |\" \/>\n<meta property=\"og:description\" content=\"Stratus Edge 1200 com motor interno\" \/>\n<meta property=\"og:url\" content=\"https:\/\/dake.es\/pt-pt\/catalogo\/all-in-one-pt-pt\/stratus-edge-1200-2-2\/\" \/>\n<meta property=\"article:publisher\" content=\"https:\/\/www.facebook.com\/DAKECultoalaCocina\" \/>\n<meta property=\"article:modified_time\" content=\"2023-06-13T07:19:00+00:00\" \/>\n<meta property=\"og:image\" content=\"https:\/\/dake.es\/wp-content\/uploads\/2022\/08\/WCSE1200B-01-e1698754089434.jpg\" \/>\n\t<meta property=\"og:image:width\" content=\"1920\" \/>\n\t<meta property=\"og:image:height\" content=\"788\" \/>\n\t<meta property=\"og:image:type\" content=\"image\/jpeg\" \/>\n<meta name=\"twitter:card\" content=\"summary_large_image\" \/>\n<meta name=\"twitter:site\" content=\"@dake_team\" \/>\n<script type=\"application\/ld+json\" class=\"yoast-schema-graph\">{\"@context\":\"https:\/\/schema.org\",\"@graph\":[{\"@type\":\"WebPage\",\"@id\":\"https:\/\/dake.es\/pt-pt\/catalogo\/all-in-one-pt-pt\/stratus-edge-1200-2-2\/\",\"url\":\"https:\/\/dake.es\/pt-pt\/catalogo\/all-in-one-pt-pt\/stratus-edge-1200-2-2\/\",\"name\":\"STRATUS EDGE 1200 |\",\"isPartOf\":{\"@id\":\"https:\/\/dake.es\/pt-pt\/#website\"},\"primaryImageOfPage\":{\"@id\":\"https:\/\/dake.es\/pt-pt\/catalogo\/all-in-one-pt-pt\/stratus-edge-1200-2-2\/#primaryimage\"},\"image\":{\"@id\":\"https:\/\/dake.es\/pt-pt\/catalogo\/all-in-one-pt-pt\/stratus-edge-1200-2-2\/#primaryimage\"},\"thumbnailUrl\":\"https:\/\/dake.es\/wp-content\/uploads\/2022\/08\/WCSE1200B-01-e1698754089434.jpg\",\"datePublished\":\"2022-11-19T11:53:36+00:00\",\"dateModified\":\"2023-06-13T07:19:00+00:00\",\"breadcrumb\":{\"@id\":\"https:\/\/dake.es\/pt-pt\/catalogo\/all-in-one-pt-pt\/stratus-edge-1200-2-2\/#breadcrumb\"},\"inLanguage\":\"pt-PT\",\"potentialAction\":[{\"@type\":\"ReadAction\",\"target\":[\"https:\/\/dake.es\/pt-pt\/catalogo\/all-in-one-pt-pt\/stratus-edge-1200-2-2\/\"]}]},{\"@type\":\"ImageObject\",\"inLanguage\":\"pt-PT\",\"@id\":\"https:\/\/dake.es\/pt-pt\/catalogo\/all-in-one-pt-pt\/stratus-edge-1200-2-2\/#primaryimage\",\"url\":\"https:\/\/dake.es\/wp-content\/uploads\/2022\/08\/WCSE1200B-01-e1698754089434.jpg\",\"contentUrl\":\"https:\/\/dake.es\/wp-content\/uploads\/2022\/08\/WCSE1200B-01-e1698754089434.jpg\",\"width\":1920,\"height\":788},{\"@type\":\"BreadcrumbList\",\"@id\":\"https:\/\/dake.es\/pt-pt\/catalogo\/all-in-one-pt-pt\/stratus-edge-1200-2-2\/#breadcrumb\",\"itemListElement\":[{\"@type\":\"ListItem\",\"position\":1,\"name\":\"Portada\",\"item\":\"https:\/\/dake.es\/pt-pt\/\"},{\"@type\":\"ListItem\",\"position\":2,\"name\":\"Cat\u00e1logo\",\"item\":\"https:\/\/dake.es\/pt-pt\/catalogo\/\"},{\"@type\":\"ListItem\",\"position\":3,\"name\":\"STRATUS EDGE 1200\"}]},{\"@type\":\"WebSite\",\"@id\":\"https:\/\/dake.es\/pt-pt\/#website\",\"url\":\"https:\/\/dake.es\/pt-pt\/\",\"name\":\"DAKE\",\"description\":\"DAKE\",\"publisher\":{\"@id\":\"https:\/\/dake.es\/pt-pt\/#organization\"},\"potentialAction\":[{\"@type\":\"SearchAction\",\"target\":{\"@type\":\"EntryPoint\",\"urlTemplate\":\"https:\/\/dake.es\/pt-pt\/?s={search_term_string}\"},\"query-input\":{\"@type\":\"PropertyValueSpecification\",\"valueRequired\":true,\"valueName\":\"search_term_string\"}}],\"inLanguage\":\"pt-PT\"},{\"@type\":\"Organization\",\"@id\":\"https:\/\/dake.es\/pt-pt\/#organization\",\"name\":\"DAKE\",\"url\":\"https:\/\/dake.es\/pt-pt\/\",\"logo\":{\"@type\":\"ImageObject\",\"inLanguage\":\"pt-PT\",\"@id\":\"https:\/\/dake.es\/pt-pt\/#\/schema\/logo\/image\/\",\"url\":\"https:\/\/dake.es\/wp-content\/uploads\/2024\/05\/cropped-imago-e1716200344255.png\",\"contentUrl\":\"https:\/\/dake.es\/wp-content\/uploads\/2024\/05\/cropped-imago-e1716200344255.png\",\"width\":476,\"height\":471,\"caption\":\"DAKE\"},\"image\":{\"@id\":\"https:\/\/dake.es\/pt-pt\/#\/schema\/logo\/image\/\"},\"sameAs\":[\"https:\/\/www.facebook.com\/DAKECultoalaCocina\",\"https:\/\/x.com\/dake_team\",\"https:\/\/www.instagram.com\/dake_cultoalacocina\/\",\"https:\/\/www.linkedin.com\/company\/dake-culto-a-la-cocina\"]}]}<\/script>\n<!-- \/ Yoast SEO plugin. -->","yoast_head_json":{"title":"STRATUS EDGE 1200 |","robots":{"index":"index","follow":"follow","max-snippet":"max-snippet:-1","max-image-preview":"max-image-preview:large","max-video-preview":"max-video-preview:-1"},"canonical":"https:\/\/dake.es\/pt-pt\/catalogo\/all-in-one-pt-pt\/stratus-edge-1200-2-2\/","og_locale":"pt_PT","og_type":"article","og_title":"STRATUS EDGE 1200 |","og_description":"Stratus Edge 1200 com motor interno","og_url":"https:\/\/dake.es\/pt-pt\/catalogo\/all-in-one-pt-pt\/stratus-edge-1200-2-2\/","article_publisher":"https:\/\/www.facebook.com\/DAKECultoalaCocina","article_modified_time":"2023-06-13T07:19:00+00:00","og_image":[{"width":1920,"height":788,"url":"https:\/\/dake.es\/wp-content\/uploads\/2022\/08\/WCSE1200B-01-e1698754089434.jpg","type":"image\/jpeg"}],"twitter_card":"summary_large_image","twitter_site":"@dake_team","schema":{"@context":"https:\/\/schema.org","@graph":[{"@type":"WebPage","@id":"https:\/\/dake.es\/pt-pt\/catalogo\/all-in-one-pt-pt\/stratus-edge-1200-2-2\/","url":"https:\/\/dake.es\/pt-pt\/catalogo\/all-in-one-pt-pt\/stratus-edge-1200-2-2\/","name":"STRATUS EDGE 1200 |","isPartOf":{"@id":"https:\/\/dake.es\/pt-pt\/#website"},"primaryImageOfPage":{"@id":"https:\/\/dake.es\/pt-pt\/catalogo\/all-in-one-pt-pt\/stratus-edge-1200-2-2\/#primaryimage"},"image":{"@id":"https:\/\/dake.es\/pt-pt\/catalogo\/all-in-one-pt-pt\/stratus-edge-1200-2-2\/#primaryimage"},"thumbnailUrl":"https:\/\/dake.es\/wp-content\/uploads\/2022\/08\/WCSE1200B-01-e1698754089434.jpg","datePublished":"2022-11-19T11:53:36+00:00","dateModified":"2023-06-13T07:19:00+00:00","breadcrumb":{"@id":"https:\/\/dake.es\/pt-pt\/catalogo\/all-in-one-pt-pt\/stratus-edge-1200-2-2\/#breadcrumb"},"inLanguage":"pt-PT","potentialAction":[{"@type":"ReadAction","target":["https:\/\/dake.es\/pt-pt\/catalogo\/all-in-one-pt-pt\/stratus-edge-1200-2-2\/"]}]},{"@type":"ImageObject","inLanguage":"pt-PT","@id":"https:\/\/dake.es\/pt-pt\/catalogo\/all-in-one-pt-pt\/stratus-edge-1200-2-2\/#primaryimage","url":"https:\/\/dake.es\/wp-content\/uploads\/2022\/08\/WCSE1200B-01-e1698754089434.jpg","contentUrl":"https:\/\/dake.es\/wp-content\/uploads\/2022\/08\/WCSE1200B-01-e1698754089434.jpg","width":1920,"height":788},{"@type":"BreadcrumbList","@id":"https:\/\/dake.es\/pt-pt\/catalogo\/all-in-one-pt-pt\/stratus-edge-1200-2-2\/#breadcrumb","itemListElement":[{"@type":"ListItem","position":1,"name":"Portada","item":"https:\/\/dake.es\/pt-pt\/"},{"@type":"ListItem","position":2,"name":"Cat\u00e1logo","item":"https:\/\/dake.es\/pt-pt\/catalogo\/"},{"@type":"ListItem","position":3,"name":"STRATUS EDGE 1200"}]},{"@type":"WebSite","@id":"https:\/\/dake.es\/pt-pt\/#website","url":"https:\/\/dake.es\/pt-pt\/","name":"DAKE","description":"DAKE","publisher":{"@id":"https:\/\/dake.es\/pt-pt\/#organization"},"potentialAction":[{"@type":"SearchAction","target":{"@type":"EntryPoint","urlTemplate":"https:\/\/dake.es\/pt-pt\/?s={search_term_string}"},"query-input":{"@type":"PropertyValueSpecification","valueRequired":true,"valueName":"search_term_string"}}],"inLanguage":"pt-PT"},{"@type":"Organization","@id":"https:\/\/dake.es\/pt-pt\/#organization","name":"DAKE","url":"https:\/\/dake.es\/pt-pt\/","logo":{"@type":"ImageObject","inLanguage":"pt-PT","@id":"https:\/\/dake.es\/pt-pt\/#\/schema\/logo\/image\/","url":"https:\/\/dake.es\/wp-content\/uploads\/2024\/05\/cropped-imago-e1716200344255.png","contentUrl":"https:\/\/dake.es\/wp-content\/uploads\/2024\/05\/cropped-imago-e1716200344255.png","width":476,"height":471,"caption":"DAKE"},"image":{"@id":"https:\/\/dake.es\/pt-pt\/#\/schema\/logo\/image\/"},"sameAs":["https:\/\/www.facebook.com\/DAKECultoalaCocina","https:\/\/x.com\/dake_team","https:\/\/www.instagram.com\/dake_cultoalacocina\/","https:\/\/www.linkedin.com\/company\/dake-culto-a-la-cocina"]}]}},"_links":{"self":[{"href":"https:\/\/dake.es\/pt-pt\/wp-json\/wp\/v2\/product\/37277","targetHints":{"allow":["GET"]}}],"collection":[{"href":"https:\/\/dake.es\/pt-pt\/wp-json\/wp\/v2\/product"}],"about":[{"href":"https:\/\/dake.es\/pt-pt\/wp-json\/wp\/v2\/types\/product"}],"wp:featuredmedia":[{"embeddable":true,"href":"https:\/\/dake.es\/pt-pt\/wp-json\/wp\/v2\/media\/8195"}],"wp:attachment":[{"href":"https:\/\/dake.es\/pt-pt\/wp-json\/wp\/v2\/media?parent=37277"}],"wp:term":[{"taxonomy":"product_brand","embeddable":true,"href":"https:\/\/dake.es\/pt-pt\/wp-json\/wp\/v2\/product_brand?post=37277"},{"taxonomy":"product_cat","embeddable":true,"href":"https:\/\/dake.es\/pt-pt\/wp-json\/wp\/v2\/product_cat?post=37277"},{"taxonomy":"product_tag","embeddable":true,"href":"https:\/\/dake.es\/pt-pt\/wp-json\/wp\/v2\/product_tag?post=37277"},{"taxonomy":"marcas","embeddable":true,"href":"https:\/\/dake.es\/pt-pt\/wp-json\/wp\/v2\/marcas?post=37277"}],"curies":[{"name":"wp","href":"https:\/\/api.w.org\/{rel}","templated":true}]}}