{"id":161735,"date":"2024-10-02T11:50:30","date_gmt":"2024-10-02T09:50:30","guid":{"rendered":"https:\/\/dake.es\/?post_type=product&#038;p=161735"},"modified":"2025-12-18T15:14:24","modified_gmt":"2025-12-18T14:14:24","slug":"gea-t15","status":"publish","type":"product","link":"https:\/\/dake.es\/pt-pt\/catalogo\/all-in-one-pt-pt\/gea-pt-pt\/gea-t15\/","title":{"rendered":"GEA T15"},"content":{"rendered":"<p>A nova cole\u00e7\u00e3o GEA da Steel \u00e9 fabricada com um corpo em a\u00e7o inoxid\u00e1vel de qualidade mar\u00edtima, um material caracterizado pela resist\u00eancia \u00e0 corros\u00e3o<br \/>\nresist\u00eancia \u00e0 corros\u00e3o, limpeza extremamente f\u00e1cil dos componentes e um elevado coeficiente higi\u00e9nico.<br \/>\ne elevado coeficiente higi\u00e9nico.<br \/>\nCombina eleg\u00e2ncia e resist\u00eancia, garantindo uma durabilidade e uma qualidade sem compromissos.<br \/>\nDispon\u00edvel em quatro configura\u00e7\u00f5es diferentes, oferece a possibilidade de escolha entre tr\u00eas tampos diferentes e duas op\u00e7\u00f5es de acabamento de puxadores e puxadores.<br \/>\nop\u00e7\u00f5es de acabamentos para puxadores e estrutura.<br \/>\nExiste a possibilidade de realizar uma configura\u00e7\u00e3o personaliz\u00e1vel e \u00e0 medida de cada projeto.<br \/>\nprojeto.<\/p>\n<p><strong>Especifica\u00e7\u00f5es:<\/strong><\/p>\n<p>&#8211; Exterior em a\u00e7o inoxid\u00e1vel 316<br \/>\n&#8211; Composi\u00e7\u00e3o com gavetas<br \/>\n&#8211; Queimador tipo Wok<br \/>\n&#8211; Lava-loi\u00e7a integrado<\/p>\n","protected":false},"excerpt":{"rendered":"<p>Cocina GEA T15.<\/p>\n","protected":false},"featured_media":175272,"template":"","meta":{"site-sidebar-layout":"default","site-content-layout":"","ast-site-content-layout":"default","site-content-style":"default","site-sidebar-style":"default","ast-global-header-display":"","ast-banner-title-visibility":"","ast-main-header-display":"","ast-hfb-above-header-display":"","ast-hfb-below-header-display":"","ast-hfb-mobile-header-display":"","site-post-title":"","ast-breadcrumbs-content":"","ast-featured-img":"","footer-sml-layout":"","ast-disable-related-posts":"","theme-transparent-header-meta":"default","adv-header-id-meta":"","stick-header-meta":"default","header-above-stick-meta":"","header-main-stick-meta":"","header-below-stick-meta":"","astra-migrate-meta-layouts":"set","ast-page-background-enabled":"default","ast-page-background-meta":{"desktop":{"background-color":"","background-image":"","background-repeat":"repeat","background-position":"center center","background-size":"auto","background-attachment":"scroll","background-type":"","background-media":"","overlay-type":"","overlay-color":"","overlay-opacity":"","overlay-gradient":""},"tablet":{"background-color":"","background-image":"","background-repeat":"repeat","background-position":"center center","background-size":"auto","background-attachment":"scroll","background-type":"","background-media":"","overlay-type":"","overlay-color":"","overlay-opacity":"","overlay-gradient":""},"mobile":{"background-color":"","background-image":"","background-repeat":"repeat","background-position":"center center","background-size":"auto","background-attachment":"scroll","background-type":"","background-media":"","overlay-type":"","overlay-color":"","overlay-opacity":"","overlay-gradient":""}},"ast-content-background-meta":{"desktop":{"background-color":"var(--ast-global-color-5)","background-image":"","background-repeat":"repeat","background-position":"center center","background-size":"auto","background-attachment":"scroll","background-type":"","background-media":"","overlay-type":"","overlay-color":"","overlay-opacity":"","overlay-gradient":""},"tablet":{"background-color":"var(--ast-global-color-5)","background-image":"","background-repeat":"repeat","background-position":"center center","background-size":"auto","background-attachment":"scroll","background-type":"","background-media":"","overlay-type":"","overlay-color":"","overlay-opacity":"","overlay-gradient":""},"mobile":{"background-color":"var(--ast-global-color-5)","background-image":"","background-repeat":"repeat","background-position":"center center","background-size":"auto","background-attachment":"scroll","background-type":"","background-media":"","overlay-type":"","overlay-color":"","overlay-opacity":"","overlay-gradient":""}}},"product_brand":[],"product_cat":[1418],"product_tag":[1325],"marcas":[361],"class_list":{"0":"post-161735","1":"product","2":"type-product","3":"status-publish","4":"has-post-thumbnail","6":"product_cat-gea-pt-pt","7":"product_tag-outdoor-pt-pt","8":"marcas-steel-pt-pt","9":"desktop-align-center","10":"tablet-align-left","11":"mobile-align-left","12":"ast-product-gallery-layout-horizontal","13":"ast-product-gallery-with-no-image","14":"ast-magnify-disabled","15":"ast-product-single-variable","16":"ast-product-tabs-layout-horizontal","18":"first","19":"instock","20":"shipping-taxable","21":"product-type-variable"},"yoast_head":"<!-- This site is optimized with the Yoast SEO plugin v27.5 - https:\/\/yoast.com\/product\/yoast-seo-wordpress\/ -->\n<title>GEA T15 |<\/title>\n<meta name=\"description\" content=\"A nova cole\u00e7\u00e3o da GEA combina eleg\u00e2ncia e for\u00e7a, garantindo durabilidade e qualidade sem compromissos. Dispon\u00edvel em quatro configura\u00e7\u00f5es diferentes.\" \/>\n<meta name=\"robots\" content=\"index, follow, max-snippet:-1, max-image-preview:large, max-video-preview:-1\" \/>\n<link rel=\"canonical\" href=\"https:\/\/dake.es\/pt-pt\/catalogo\/all-in-one-pt-pt\/gea-pt-pt\/gea-t15\/\" \/>\n<meta property=\"og:locale\" content=\"pt_PT\" \/>\n<meta property=\"og:type\" content=\"article\" \/>\n<meta property=\"og:title\" content=\"GEA T15 |\" \/>\n<meta property=\"og:description\" content=\"A nova cole\u00e7\u00e3o da GEA combina eleg\u00e2ncia e for\u00e7a, garantindo durabilidade e qualidade sem compromissos. Dispon\u00edvel em quatro configura\u00e7\u00f5es diferentes.\" \/>\n<meta property=\"og:url\" content=\"https:\/\/dake.es\/pt-pt\/catalogo\/all-in-one-pt-pt\/gea-pt-pt\/gea-t15\/\" \/>\n<meta property=\"article:publisher\" content=\"https:\/\/www.facebook.com\/DAKECultoalaCocina\" \/>\n<meta property=\"article:modified_time\" content=\"2025-12-18T14:14:24+00:00\" \/>\n<meta property=\"og:image\" content=\"https:\/\/dake.es\/wp-content\/uploads\/2024\/10\/T15-H80-FEATURED.webp\" \/>\n\t<meta property=\"og:image:width\" content=\"1300\" \/>\n\t<meta property=\"og:image:height\" content=\"524\" \/>\n\t<meta property=\"og:image:type\" content=\"image\/webp\" \/>\n<meta name=\"twitter:card\" content=\"summary_large_image\" \/>\n<meta name=\"twitter:site\" content=\"@dake_team\" \/>\n<meta name=\"twitter:label1\" content=\"Tempo estimado de leitura\" \/>\n\t<meta name=\"twitter:data1\" content=\"1 minute\" \/>\n<script type=\"application\/ld+json\" class=\"yoast-schema-graph\">{\"@context\":\"https:\\\/\\\/schema.org\",\"@graph\":[{\"@type\":\"WebPage\",\"@id\":\"https:\\\/\\\/dake.es\\\/pt-pt\\\/catalogo\\\/all-in-one-pt-pt\\\/gea-pt-pt\\\/gea-t15\\\/\",\"url\":\"https:\\\/\\\/dake.es\\\/pt-pt\\\/catalogo\\\/all-in-one-pt-pt\\\/gea-pt-pt\\\/gea-t15\\\/\",\"name\":\"GEA T15 |\",\"isPartOf\":{\"@id\":\"https:\\\/\\\/dake.es\\\/pt-pt\\\/#website\"},\"primaryImageOfPage\":{\"@id\":\"https:\\\/\\\/dake.es\\\/pt-pt\\\/catalogo\\\/all-in-one-pt-pt\\\/gea-pt-pt\\\/gea-t15\\\/#primaryimage\"},\"image\":{\"@id\":\"https:\\\/\\\/dake.es\\\/pt-pt\\\/catalogo\\\/all-in-one-pt-pt\\\/gea-pt-pt\\\/gea-t15\\\/#primaryimage\"},\"thumbnailUrl\":\"https:\\\/\\\/dake.es\\\/wp-content\\\/uploads\\\/2024\\\/10\\\/T15-H80-FEATURED.webp\",\"datePublished\":\"2024-10-02T09:50:30+00:00\",\"dateModified\":\"2025-12-18T14:14:24+00:00\",\"description\":\"A nova cole\u00e7\u00e3o da GEA combina eleg\u00e2ncia e for\u00e7a, garantindo durabilidade e qualidade sem compromissos. Dispon\u00edvel em quatro configura\u00e7\u00f5es diferentes.\",\"breadcrumb\":{\"@id\":\"https:\\\/\\\/dake.es\\\/pt-pt\\\/catalogo\\\/all-in-one-pt-pt\\\/gea-pt-pt\\\/gea-t15\\\/#breadcrumb\"},\"inLanguage\":\"pt-PT\",\"potentialAction\":[{\"@type\":\"ReadAction\",\"target\":[\"https:\\\/\\\/dake.es\\\/pt-pt\\\/catalogo\\\/all-in-one-pt-pt\\\/gea-pt-pt\\\/gea-t15\\\/\"]}]},{\"@type\":\"ImageObject\",\"inLanguage\":\"pt-PT\",\"@id\":\"https:\\\/\\\/dake.es\\\/pt-pt\\\/catalogo\\\/all-in-one-pt-pt\\\/gea-pt-pt\\\/gea-t15\\\/#primaryimage\",\"url\":\"https:\\\/\\\/dake.es\\\/wp-content\\\/uploads\\\/2024\\\/10\\\/T15-H80-FEATURED.webp\",\"contentUrl\":\"https:\\\/\\\/dake.es\\\/wp-content\\\/uploads\\\/2024\\\/10\\\/T15-H80-FEATURED.webp\",\"width\":1300,\"height\":524},{\"@type\":\"BreadcrumbList\",\"@id\":\"https:\\\/\\\/dake.es\\\/pt-pt\\\/catalogo\\\/all-in-one-pt-pt\\\/gea-pt-pt\\\/gea-t15\\\/#breadcrumb\",\"itemListElement\":[{\"@type\":\"ListItem\",\"position\":1,\"name\":\"Portada\",\"item\":\"https:\\\/\\\/dake.es\\\/pt-pt\\\/\"},{\"@type\":\"ListItem\",\"position\":2,\"name\":\"Cat\u00e1logo\",\"item\":\"https:\\\/\\\/dake.es\\\/pt-pt\\\/catalogo\\\/\"},{\"@type\":\"ListItem\",\"position\":3,\"name\":\"GEA T15\"}]},{\"@type\":\"WebSite\",\"@id\":\"https:\\\/\\\/dake.es\\\/pt-pt\\\/#website\",\"url\":\"https:\\\/\\\/dake.es\\\/pt-pt\\\/\",\"name\":\"DAKE\",\"description\":\"DAKE\",\"publisher\":{\"@id\":\"https:\\\/\\\/dake.es\\\/pt-pt\\\/#organization\"},\"potentialAction\":[{\"@type\":\"SearchAction\",\"target\":{\"@type\":\"EntryPoint\",\"urlTemplate\":\"https:\\\/\\\/dake.es\\\/pt-pt\\\/?s={search_term_string}\"},\"query-input\":{\"@type\":\"PropertyValueSpecification\",\"valueRequired\":true,\"valueName\":\"search_term_string\"}}],\"inLanguage\":\"pt-PT\"},{\"@type\":\"Organization\",\"@id\":\"https:\\\/\\\/dake.es\\\/pt-pt\\\/#organization\",\"name\":\"DAKE\",\"url\":\"https:\\\/\\\/dake.es\\\/pt-pt\\\/\",\"logo\":{\"@type\":\"ImageObject\",\"inLanguage\":\"pt-PT\",\"@id\":\"https:\\\/\\\/dake.es\\\/pt-pt\\\/#\\\/schema\\\/logo\\\/image\\\/\",\"url\":\"https:\\\/\\\/dake.es\\\/wp-content\\\/uploads\\\/2024\\\/05\\\/cropped-imago-e1716200344255.png\",\"contentUrl\":\"https:\\\/\\\/dake.es\\\/wp-content\\\/uploads\\\/2024\\\/05\\\/cropped-imago-e1716200344255.png\",\"width\":476,\"height\":471,\"caption\":\"DAKE\"},\"image\":{\"@id\":\"https:\\\/\\\/dake.es\\\/pt-pt\\\/#\\\/schema\\\/logo\\\/image\\\/\"},\"sameAs\":[\"https:\\\/\\\/www.facebook.com\\\/DAKECultoalaCocina\",\"https:\\\/\\\/x.com\\\/dake_team\",\"https:\\\/\\\/www.instagram.com\\\/dake_cultoalacocina\\\/\",\"https:\\\/\\\/www.linkedin.com\\\/company\\\/dake-culto-a-la-cocina\"]}]}<\/script>\n<!-- \/ Yoast SEO plugin. -->","yoast_head_json":{"title":"GEA T15 |","description":"A nova cole\u00e7\u00e3o da GEA combina eleg\u00e2ncia e for\u00e7a, garantindo durabilidade e qualidade sem compromissos. Dispon\u00edvel em quatro configura\u00e7\u00f5es diferentes.","robots":{"index":"index","follow":"follow","max-snippet":"max-snippet:-1","max-image-preview":"max-image-preview:large","max-video-preview":"max-video-preview:-1"},"canonical":"https:\/\/dake.es\/pt-pt\/catalogo\/all-in-one-pt-pt\/gea-pt-pt\/gea-t15\/","og_locale":"pt_PT","og_type":"article","og_title":"GEA T15 |","og_description":"A nova cole\u00e7\u00e3o da GEA combina eleg\u00e2ncia e for\u00e7a, garantindo durabilidade e qualidade sem compromissos. Dispon\u00edvel em quatro configura\u00e7\u00f5es diferentes.","og_url":"https:\/\/dake.es\/pt-pt\/catalogo\/all-in-one-pt-pt\/gea-pt-pt\/gea-t15\/","article_publisher":"https:\/\/www.facebook.com\/DAKECultoalaCocina","article_modified_time":"2025-12-18T14:14:24+00:00","og_image":[{"width":1300,"height":524,"url":"https:\/\/dake.es\/wp-content\/uploads\/2024\/10\/T15-H80-FEATURED.webp","type":"image\/webp"}],"twitter_card":"summary_large_image","twitter_site":"@dake_team","twitter_misc":{"Tempo estimado de leitura":"1 minute"},"schema":{"@context":"https:\/\/schema.org","@graph":[{"@type":"WebPage","@id":"https:\/\/dake.es\/pt-pt\/catalogo\/all-in-one-pt-pt\/gea-pt-pt\/gea-t15\/","url":"https:\/\/dake.es\/pt-pt\/catalogo\/all-in-one-pt-pt\/gea-pt-pt\/gea-t15\/","name":"GEA T15 |","isPartOf":{"@id":"https:\/\/dake.es\/pt-pt\/#website"},"primaryImageOfPage":{"@id":"https:\/\/dake.es\/pt-pt\/catalogo\/all-in-one-pt-pt\/gea-pt-pt\/gea-t15\/#primaryimage"},"image":{"@id":"https:\/\/dake.es\/pt-pt\/catalogo\/all-in-one-pt-pt\/gea-pt-pt\/gea-t15\/#primaryimage"},"thumbnailUrl":"https:\/\/dake.es\/wp-content\/uploads\/2024\/10\/T15-H80-FEATURED.webp","datePublished":"2024-10-02T09:50:30+00:00","dateModified":"2025-12-18T14:14:24+00:00","description":"A nova cole\u00e7\u00e3o da GEA combina eleg\u00e2ncia e for\u00e7a, garantindo durabilidade e qualidade sem compromissos. Dispon\u00edvel em quatro configura\u00e7\u00f5es diferentes.","breadcrumb":{"@id":"https:\/\/dake.es\/pt-pt\/catalogo\/all-in-one-pt-pt\/gea-pt-pt\/gea-t15\/#breadcrumb"},"inLanguage":"pt-PT","potentialAction":[{"@type":"ReadAction","target":["https:\/\/dake.es\/pt-pt\/catalogo\/all-in-one-pt-pt\/gea-pt-pt\/gea-t15\/"]}]},{"@type":"ImageObject","inLanguage":"pt-PT","@id":"https:\/\/dake.es\/pt-pt\/catalogo\/all-in-one-pt-pt\/gea-pt-pt\/gea-t15\/#primaryimage","url":"https:\/\/dake.es\/wp-content\/uploads\/2024\/10\/T15-H80-FEATURED.webp","contentUrl":"https:\/\/dake.es\/wp-content\/uploads\/2024\/10\/T15-H80-FEATURED.webp","width":1300,"height":524},{"@type":"BreadcrumbList","@id":"https:\/\/dake.es\/pt-pt\/catalogo\/all-in-one-pt-pt\/gea-pt-pt\/gea-t15\/#breadcrumb","itemListElement":[{"@type":"ListItem","position":1,"name":"Portada","item":"https:\/\/dake.es\/pt-pt\/"},{"@type":"ListItem","position":2,"name":"Cat\u00e1logo","item":"https:\/\/dake.es\/pt-pt\/catalogo\/"},{"@type":"ListItem","position":3,"name":"GEA T15"}]},{"@type":"WebSite","@id":"https:\/\/dake.es\/pt-pt\/#website","url":"https:\/\/dake.es\/pt-pt\/","name":"DAKE","description":"DAKE","publisher":{"@id":"https:\/\/dake.es\/pt-pt\/#organization"},"potentialAction":[{"@type":"SearchAction","target":{"@type":"EntryPoint","urlTemplate":"https:\/\/dake.es\/pt-pt\/?s={search_term_string}"},"query-input":{"@type":"PropertyValueSpecification","valueRequired":true,"valueName":"search_term_string"}}],"inLanguage":"pt-PT"},{"@type":"Organization","@id":"https:\/\/dake.es\/pt-pt\/#organization","name":"DAKE","url":"https:\/\/dake.es\/pt-pt\/","logo":{"@type":"ImageObject","inLanguage":"pt-PT","@id":"https:\/\/dake.es\/pt-pt\/#\/schema\/logo\/image\/","url":"https:\/\/dake.es\/wp-content\/uploads\/2024\/05\/cropped-imago-e1716200344255.png","contentUrl":"https:\/\/dake.es\/wp-content\/uploads\/2024\/05\/cropped-imago-e1716200344255.png","width":476,"height":471,"caption":"DAKE"},"image":{"@id":"https:\/\/dake.es\/pt-pt\/#\/schema\/logo\/image\/"},"sameAs":["https:\/\/www.facebook.com\/DAKECultoalaCocina","https:\/\/x.com\/dake_team","https:\/\/www.instagram.com\/dake_cultoalacocina\/","https:\/\/www.linkedin.com\/company\/dake-culto-a-la-cocina"]}]}},"_links":{"self":[{"href":"https:\/\/dake.es\/pt-pt\/wp-json\/wp\/v2\/product\/161735","targetHints":{"allow":["GET"]}}],"collection":[{"href":"https:\/\/dake.es\/pt-pt\/wp-json\/wp\/v2\/product"}],"about":[{"href":"https:\/\/dake.es\/pt-pt\/wp-json\/wp\/v2\/types\/product"}],"wp:featuredmedia":[{"embeddable":true,"href":"https:\/\/dake.es\/pt-pt\/wp-json\/wp\/v2\/media\/175272"}],"wp:attachment":[{"href":"https:\/\/dake.es\/pt-pt\/wp-json\/wp\/v2\/media?parent=161735"}],"wp:term":[{"taxonomy":"product_brand","embeddable":true,"href":"https:\/\/dake.es\/pt-pt\/wp-json\/wp\/v2\/product_brand?post=161735"},{"taxonomy":"product_cat","embeddable":true,"href":"https:\/\/dake.es\/pt-pt\/wp-json\/wp\/v2\/product_cat?post=161735"},{"taxonomy":"product_tag","embeddable":true,"href":"https:\/\/dake.es\/pt-pt\/wp-json\/wp\/v2\/product_tag?post=161735"},{"taxonomy":"marcas","embeddable":true,"href":"https:\/\/dake.es\/pt-pt\/wp-json\/wp\/v2\/marcas?post=161735"}],"curies":[{"name":"wp","href":"https:\/\/api.w.org\/{rel}","templated":true}]}}