{"id":161622,"date":"2022-07-26T11:23:02","date_gmt":"2024-10-24T14:50:56","guid":{"rendered":"https:\/\/dake.es\/catalogo\/sem categoria\/maquina-de-gelo-crescent-ice-38cm\/"},"modified":"2024-10-24T16:50:56","modified_gmt":"2024-10-24T14:50:56","slug":"maquina-de-gelo-crescent-ice-38cm","status":"publish","type":"product","link":"https:\/\/dake.es\/pt-pt\/catalogo\/all-in-one-pt-pt\/outdoor-pt-pt\/maquinas-de-gelo\/maquina-de-gelo-crescent-ice-38cm\/","title":{"rendered":"M\u00c1QUINA DE GELO CRESCENT ICE 38cm"},"content":{"rendered":"<p>O modelo UCR015 da U-LINE produz cubos em forma de meia luna e produz at\u00e9 11,3 kilos de gelo por dia. Capacidade para guardar 11,3k de gelo, interruptor de acender\/apagar, ma\u00e7aneta de a\u00e7o inoxid\u00e1vel (di\u00e2metro de \u201d), porta revers\u00edvel com dobradi\u00e7as \u00e0 direita. N\u00e3o requer escoamento.<\/p>\n","protected":false},"excerpt":{"rendered":"<p>M\u00e1quina de gelo Crescent Ice de 38cm<\/p>\n","protected":false},"featured_media":8098,"template":"","meta":{"site-sidebar-layout":"default","site-content-layout":"default","ast-site-content-layout":"default","site-content-style":"default","site-sidebar-style":"default","ast-global-header-display":"","ast-banner-title-visibility":"","ast-main-header-display":"","ast-hfb-above-header-display":"","ast-hfb-below-header-display":"","ast-hfb-mobile-header-display":"","site-post-title":"","ast-breadcrumbs-content":"","ast-featured-img":"","footer-sml-layout":"","ast-disable-related-posts":"","theme-transparent-header-meta":"default","adv-header-id-meta":"","stick-header-meta":"default","header-above-stick-meta":"","header-main-stick-meta":"","header-below-stick-meta":"","astra-migrate-meta-layouts":"default","ast-page-background-enabled":"default","ast-page-background-meta":{"desktop":{"background-color":"","background-image":"","background-repeat":"repeat","background-position":"center center","background-size":"auto","background-attachment":"scroll","background-type":"","background-media":"","overlay-type":"","overlay-color":"","overlay-opacity":"","overlay-gradient":""},"tablet":{"background-color":"","background-image":"","background-repeat":"repeat","background-position":"center center","background-size":"auto","background-attachment":"scroll","background-type":"","background-media":"","overlay-type":"","overlay-color":"","overlay-opacity":"","overlay-gradient":""},"mobile":{"background-color":"","background-image":"","background-repeat":"repeat","background-position":"center center","background-size":"auto","background-attachment":"scroll","background-type":"","background-media":"","overlay-type":"","overlay-color":"","overlay-opacity":"","overlay-gradient":""}},"ast-content-background-meta":{"desktop":{"background-color":"var(--ast-global-color-5)","background-image":"","background-repeat":"repeat","background-position":"center center","background-size":"auto","background-attachment":"scroll","background-type":"","background-media":"","overlay-type":"","overlay-color":"","overlay-opacity":"","overlay-gradient":""},"tablet":{"background-color":"var(--ast-global-color-5)","background-image":"","background-repeat":"repeat","background-position":"center center","background-size":"auto","background-attachment":"scroll","background-type":"","background-media":"","overlay-type":"","overlay-color":"","overlay-opacity":"","overlay-gradient":""},"mobile":{"background-color":"var(--ast-global-color-5)","background-image":"","background-repeat":"repeat","background-position":"center center","background-size":"auto","background-attachment":"scroll","background-type":"","background-media":"","overlay-type":"","overlay-color":"","overlay-opacity":"","overlay-gradient":""}}},"product_brand":[],"product_cat":[669,644],"product_tag":[],"marcas":[362],"class_list":{"0":"post-161622","1":"product","2":"type-product","3":"status-publish","4":"has-post-thumbnail","6":"product_cat-all-in-one-pt-pt","7":"product_cat-maquinas-de-gelo","8":"marcas-u-line-pt-pt","9":"desktop-align-center","10":"tablet-align-left","11":"mobile-align-left","12":"ast-product-gallery-layout-horizontal","13":"ast-product-gallery-with-no-image","14":"ast-magnify-disabled","15":"ast-product-tabs-layout-horizontal","17":"first","18":"instock","19":"shipping-taxable","20":"product-type-simple"},"yoast_head":"<!-- This site is optimized with the Yoast SEO plugin v27.1.1 - https:\/\/yoast.com\/product\/yoast-seo-wordpress\/ -->\n<title>M\u00c1QUINA DE GELO CRESCENT ICE 38cm |<\/title>\n<meta name=\"description\" content=\"M\u00c1QUINA DE GELO CRESCENT ICE 38cm\" \/>\n<meta name=\"robots\" content=\"index, follow, max-snippet:-1, max-image-preview:large, max-video-preview:-1\" \/>\n<link rel=\"canonical\" href=\"https:\/\/dake.es\/pt-pt\/catalogo\/all-in-one-pt-pt\/outdoor-pt-pt\/maquinas-de-gelo\/maquina-de-gelo-crescent-ice-38cm\/\" \/>\n<meta property=\"og:locale\" content=\"pt_PT\" \/>\n<meta property=\"og:type\" content=\"article\" \/>\n<meta property=\"og:title\" content=\"M\u00c1QUINA DE GELO CRESCENT ICE 38cm |\" \/>\n<meta property=\"og:description\" content=\"M\u00c1QUINA DE GELO CRESCENT ICE 38cm\" \/>\n<meta property=\"og:url\" content=\"https:\/\/dake.es\/pt-pt\/catalogo\/all-in-one-pt-pt\/outdoor-pt-pt\/maquinas-de-gelo\/maquina-de-gelo-crescent-ice-38cm\/\" \/>\n<meta property=\"article:publisher\" content=\"https:\/\/www.facebook.com\/DAKECultoalaCocina\" \/>\n<meta property=\"og:image\" content=\"https:\/\/dake.es\/wp-content\/uploads\/2022\/07\/UMCR015-01-e1698653050987.jpg\" \/>\n\t<meta property=\"og:image:width\" content=\"1080\" \/>\n\t<meta property=\"og:image:height\" content=\"1080\" \/>\n\t<meta property=\"og:image:type\" content=\"image\/jpeg\" \/>\n<meta name=\"twitter:card\" content=\"summary_large_image\" \/>\n<meta name=\"twitter:site\" content=\"@dake_team\" \/>\n<script type=\"application\/ld+json\" class=\"yoast-schema-graph\">{\"@context\":\"https:\/\/schema.org\",\"@graph\":[{\"@type\":\"WebPage\",\"@id\":\"https:\/\/dake.es\/pt-pt\/catalogo\/all-in-one-pt-pt\/outdoor-pt-pt\/maquinas-de-gelo\/maquina-de-gelo-crescent-ice-38cm\/\",\"url\":\"https:\/\/dake.es\/pt-pt\/catalogo\/all-in-one-pt-pt\/outdoor-pt-pt\/maquinas-de-gelo\/maquina-de-gelo-crescent-ice-38cm\/\",\"name\":\"M\u00c1QUINA DE GELO CRESCENT ICE 38cm |\",\"isPartOf\":{\"@id\":\"https:\/\/dake.es\/pt-pt\/#website\"},\"primaryImageOfPage\":{\"@id\":\"https:\/\/dake.es\/pt-pt\/catalogo\/all-in-one-pt-pt\/outdoor-pt-pt\/maquinas-de-gelo\/maquina-de-gelo-crescent-ice-38cm\/#primaryimage\"},\"image\":{\"@id\":\"https:\/\/dake.es\/pt-pt\/catalogo\/all-in-one-pt-pt\/outdoor-pt-pt\/maquinas-de-gelo\/maquina-de-gelo-crescent-ice-38cm\/#primaryimage\"},\"thumbnailUrl\":\"https:\/\/dake.es\/wp-content\/uploads\/2022\/07\/UMCR015-01-e1698653050987.jpg\",\"datePublished\":\"2024-10-24T14:50:56+00:00\",\"description\":\"M\u00c1QUINA DE GELO CRESCENT ICE 38cm\",\"breadcrumb\":{\"@id\":\"https:\/\/dake.es\/pt-pt\/catalogo\/all-in-one-pt-pt\/outdoor-pt-pt\/maquinas-de-gelo\/maquina-de-gelo-crescent-ice-38cm\/#breadcrumb\"},\"inLanguage\":\"pt-PT\",\"potentialAction\":[{\"@type\":\"ReadAction\",\"target\":[\"https:\/\/dake.es\/pt-pt\/catalogo\/all-in-one-pt-pt\/outdoor-pt-pt\/maquinas-de-gelo\/maquina-de-gelo-crescent-ice-38cm\/\"]}]},{\"@type\":\"ImageObject\",\"inLanguage\":\"pt-PT\",\"@id\":\"https:\/\/dake.es\/pt-pt\/catalogo\/all-in-one-pt-pt\/outdoor-pt-pt\/maquinas-de-gelo\/maquina-de-gelo-crescent-ice-38cm\/#primaryimage\",\"url\":\"https:\/\/dake.es\/wp-content\/uploads\/2022\/07\/UMCR015-01-e1698653050987.jpg\",\"contentUrl\":\"https:\/\/dake.es\/wp-content\/uploads\/2022\/07\/UMCR015-01-e1698653050987.jpg\",\"width\":1080,\"height\":1080},{\"@type\":\"BreadcrumbList\",\"@id\":\"https:\/\/dake.es\/pt-pt\/catalogo\/all-in-one-pt-pt\/outdoor-pt-pt\/maquinas-de-gelo\/maquina-de-gelo-crescent-ice-38cm\/#breadcrumb\",\"itemListElement\":[{\"@type\":\"ListItem\",\"position\":1,\"name\":\"Portada\",\"item\":\"https:\/\/dake.es\/pt-pt\/\"},{\"@type\":\"ListItem\",\"position\":2,\"name\":\"Cat\u00e1logo\",\"item\":\"https:\/\/dake.es\/pt-pt\/catalogo\/\"},{\"@type\":\"ListItem\",\"position\":3,\"name\":\"M\u00c1QUINA DE GELO CRESCENT ICE 38cm\"}]},{\"@type\":\"WebSite\",\"@id\":\"https:\/\/dake.es\/pt-pt\/#website\",\"url\":\"https:\/\/dake.es\/pt-pt\/\",\"name\":\"DAKE\",\"description\":\"DAKE\",\"publisher\":{\"@id\":\"https:\/\/dake.es\/pt-pt\/#organization\"},\"potentialAction\":[{\"@type\":\"SearchAction\",\"target\":{\"@type\":\"EntryPoint\",\"urlTemplate\":\"https:\/\/dake.es\/pt-pt\/?s={search_term_string}\"},\"query-input\":{\"@type\":\"PropertyValueSpecification\",\"valueRequired\":true,\"valueName\":\"search_term_string\"}}],\"inLanguage\":\"pt-PT\"},{\"@type\":\"Organization\",\"@id\":\"https:\/\/dake.es\/pt-pt\/#organization\",\"name\":\"DAKE\",\"url\":\"https:\/\/dake.es\/pt-pt\/\",\"logo\":{\"@type\":\"ImageObject\",\"inLanguage\":\"pt-PT\",\"@id\":\"https:\/\/dake.es\/pt-pt\/#\/schema\/logo\/image\/\",\"url\":\"https:\/\/dake.es\/wp-content\/uploads\/2024\/05\/cropped-imago-e1716200344255.png\",\"contentUrl\":\"https:\/\/dake.es\/wp-content\/uploads\/2024\/05\/cropped-imago-e1716200344255.png\",\"width\":476,\"height\":471,\"caption\":\"DAKE\"},\"image\":{\"@id\":\"https:\/\/dake.es\/pt-pt\/#\/schema\/logo\/image\/\"},\"sameAs\":[\"https:\/\/www.facebook.com\/DAKECultoalaCocina\",\"https:\/\/x.com\/dake_team\",\"https:\/\/www.instagram.com\/dake_cultoalacocina\/\",\"https:\/\/www.linkedin.com\/company\/dake-culto-a-la-cocina\"]}]}<\/script>\n<!-- \/ Yoast SEO plugin. -->","yoast_head_json":{"title":"M\u00c1QUINA DE GELO CRESCENT ICE 38cm |","description":"M\u00c1QUINA DE GELO CRESCENT ICE 38cm","robots":{"index":"index","follow":"follow","max-snippet":"max-snippet:-1","max-image-preview":"max-image-preview:large","max-video-preview":"max-video-preview:-1"},"canonical":"https:\/\/dake.es\/pt-pt\/catalogo\/all-in-one-pt-pt\/outdoor-pt-pt\/maquinas-de-gelo\/maquina-de-gelo-crescent-ice-38cm\/","og_locale":"pt_PT","og_type":"article","og_title":"M\u00c1QUINA DE GELO CRESCENT ICE 38cm |","og_description":"M\u00c1QUINA DE GELO CRESCENT ICE 38cm","og_url":"https:\/\/dake.es\/pt-pt\/catalogo\/all-in-one-pt-pt\/outdoor-pt-pt\/maquinas-de-gelo\/maquina-de-gelo-crescent-ice-38cm\/","article_publisher":"https:\/\/www.facebook.com\/DAKECultoalaCocina","og_image":[{"width":1080,"height":1080,"url":"https:\/\/dake.es\/wp-content\/uploads\/2022\/07\/UMCR015-01-e1698653050987.jpg","type":"image\/jpeg"}],"twitter_card":"summary_large_image","twitter_site":"@dake_team","schema":{"@context":"https:\/\/schema.org","@graph":[{"@type":"WebPage","@id":"https:\/\/dake.es\/pt-pt\/catalogo\/all-in-one-pt-pt\/outdoor-pt-pt\/maquinas-de-gelo\/maquina-de-gelo-crescent-ice-38cm\/","url":"https:\/\/dake.es\/pt-pt\/catalogo\/all-in-one-pt-pt\/outdoor-pt-pt\/maquinas-de-gelo\/maquina-de-gelo-crescent-ice-38cm\/","name":"M\u00c1QUINA DE GELO CRESCENT ICE 38cm |","isPartOf":{"@id":"https:\/\/dake.es\/pt-pt\/#website"},"primaryImageOfPage":{"@id":"https:\/\/dake.es\/pt-pt\/catalogo\/all-in-one-pt-pt\/outdoor-pt-pt\/maquinas-de-gelo\/maquina-de-gelo-crescent-ice-38cm\/#primaryimage"},"image":{"@id":"https:\/\/dake.es\/pt-pt\/catalogo\/all-in-one-pt-pt\/outdoor-pt-pt\/maquinas-de-gelo\/maquina-de-gelo-crescent-ice-38cm\/#primaryimage"},"thumbnailUrl":"https:\/\/dake.es\/wp-content\/uploads\/2022\/07\/UMCR015-01-e1698653050987.jpg","datePublished":"2024-10-24T14:50:56+00:00","description":"M\u00c1QUINA DE GELO CRESCENT ICE 38cm","breadcrumb":{"@id":"https:\/\/dake.es\/pt-pt\/catalogo\/all-in-one-pt-pt\/outdoor-pt-pt\/maquinas-de-gelo\/maquina-de-gelo-crescent-ice-38cm\/#breadcrumb"},"inLanguage":"pt-PT","potentialAction":[{"@type":"ReadAction","target":["https:\/\/dake.es\/pt-pt\/catalogo\/all-in-one-pt-pt\/outdoor-pt-pt\/maquinas-de-gelo\/maquina-de-gelo-crescent-ice-38cm\/"]}]},{"@type":"ImageObject","inLanguage":"pt-PT","@id":"https:\/\/dake.es\/pt-pt\/catalogo\/all-in-one-pt-pt\/outdoor-pt-pt\/maquinas-de-gelo\/maquina-de-gelo-crescent-ice-38cm\/#primaryimage","url":"https:\/\/dake.es\/wp-content\/uploads\/2022\/07\/UMCR015-01-e1698653050987.jpg","contentUrl":"https:\/\/dake.es\/wp-content\/uploads\/2022\/07\/UMCR015-01-e1698653050987.jpg","width":1080,"height":1080},{"@type":"BreadcrumbList","@id":"https:\/\/dake.es\/pt-pt\/catalogo\/all-in-one-pt-pt\/outdoor-pt-pt\/maquinas-de-gelo\/maquina-de-gelo-crescent-ice-38cm\/#breadcrumb","itemListElement":[{"@type":"ListItem","position":1,"name":"Portada","item":"https:\/\/dake.es\/pt-pt\/"},{"@type":"ListItem","position":2,"name":"Cat\u00e1logo","item":"https:\/\/dake.es\/pt-pt\/catalogo\/"},{"@type":"ListItem","position":3,"name":"M\u00c1QUINA DE GELO CRESCENT ICE 38cm"}]},{"@type":"WebSite","@id":"https:\/\/dake.es\/pt-pt\/#website","url":"https:\/\/dake.es\/pt-pt\/","name":"DAKE","description":"DAKE","publisher":{"@id":"https:\/\/dake.es\/pt-pt\/#organization"},"potentialAction":[{"@type":"SearchAction","target":{"@type":"EntryPoint","urlTemplate":"https:\/\/dake.es\/pt-pt\/?s={search_term_string}"},"query-input":{"@type":"PropertyValueSpecification","valueRequired":true,"valueName":"search_term_string"}}],"inLanguage":"pt-PT"},{"@type":"Organization","@id":"https:\/\/dake.es\/pt-pt\/#organization","name":"DAKE","url":"https:\/\/dake.es\/pt-pt\/","logo":{"@type":"ImageObject","inLanguage":"pt-PT","@id":"https:\/\/dake.es\/pt-pt\/#\/schema\/logo\/image\/","url":"https:\/\/dake.es\/wp-content\/uploads\/2024\/05\/cropped-imago-e1716200344255.png","contentUrl":"https:\/\/dake.es\/wp-content\/uploads\/2024\/05\/cropped-imago-e1716200344255.png","width":476,"height":471,"caption":"DAKE"},"image":{"@id":"https:\/\/dake.es\/pt-pt\/#\/schema\/logo\/image\/"},"sameAs":["https:\/\/www.facebook.com\/DAKECultoalaCocina","https:\/\/x.com\/dake_team","https:\/\/www.instagram.com\/dake_cultoalacocina\/","https:\/\/www.linkedin.com\/company\/dake-culto-a-la-cocina"]}]}},"_links":{"self":[{"href":"https:\/\/dake.es\/pt-pt\/wp-json\/wp\/v2\/product\/161622","targetHints":{"allow":["GET"]}}],"collection":[{"href":"https:\/\/dake.es\/pt-pt\/wp-json\/wp\/v2\/product"}],"about":[{"href":"https:\/\/dake.es\/pt-pt\/wp-json\/wp\/v2\/types\/product"}],"wp:featuredmedia":[{"embeddable":true,"href":"https:\/\/dake.es\/pt-pt\/wp-json\/wp\/v2\/media\/8098"}],"wp:attachment":[{"href":"https:\/\/dake.es\/pt-pt\/wp-json\/wp\/v2\/media?parent=161622"}],"wp:term":[{"taxonomy":"product_brand","embeddable":true,"href":"https:\/\/dake.es\/pt-pt\/wp-json\/wp\/v2\/product_brand?post=161622"},{"taxonomy":"product_cat","embeddable":true,"href":"https:\/\/dake.es\/pt-pt\/wp-json\/wp\/v2\/product_cat?post=161622"},{"taxonomy":"product_tag","embeddable":true,"href":"https:\/\/dake.es\/pt-pt\/wp-json\/wp\/v2\/product_tag?post=161622"},{"taxonomy":"marcas","embeddable":true,"href":"https:\/\/dake.es\/pt-pt\/wp-json\/wp\/v2\/marcas?post=161622"}],"curies":[{"name":"wp","href":"https:\/\/api.w.org\/{rel}","templated":true}]}}