{"id":158466,"date":"2022-09-19T17:19:00","date_gmt":"2024-04-29T10:18:09","guid":{"rendered":"https:\/\/dake.es\/catalogo\/sem%20categoria\/ascot\/"},"modified":"2024-10-31T10:23:27","modified_gmt":"2024-10-31T09:23:27","slug":"ascot","status":"publish","type":"product","link":"https:\/\/dake.es\/pt-pt\/catalogo\/all-in-one-pt-pt\/fogoes-independentes\/ascot\/","title":{"rendered":"ASCOT"},"content":{"rendered":"<p>Composi\u00e7\u00e3o superior: 6 queimadores de g\u00e1s (2 tipo wok) e 1 grelha lisa<\/p>\n","protected":false},"excerpt":{"rendered":"<p>Ascot 120 com dois fornos<\/p>\n","protected":false},"featured_media":8272,"template":"","meta":{"site-sidebar-layout":"default","site-content-layout":"default","ast-site-content-layout":"default","site-content-style":"default","site-sidebar-style":"default","ast-global-header-display":"","ast-banner-title-visibility":"","ast-main-header-display":"","ast-hfb-above-header-display":"","ast-hfb-below-header-display":"","ast-hfb-mobile-header-display":"","site-post-title":"","ast-breadcrumbs-content":"","ast-featured-img":"","footer-sml-layout":"","ast-disable-related-posts":"","theme-transparent-header-meta":"default","adv-header-id-meta":"","stick-header-meta":"default","header-above-stick-meta":"","header-main-stick-meta":"","header-below-stick-meta":"","astra-migrate-meta-layouts":"set","ast-page-background-enabled":"default","ast-page-background-meta":{"desktop":{"background-color":"","background-image":"","background-repeat":"repeat","background-position":"center center","background-size":"auto","background-attachment":"scroll","background-type":"","background-media":"","overlay-type":"","overlay-color":"","overlay-opacity":"","overlay-gradient":""},"tablet":{"background-color":"","background-image":"","background-repeat":"repeat","background-position":"center center","background-size":"auto","background-attachment":"scroll","background-type":"","background-media":"","overlay-type":"","overlay-color":"","overlay-opacity":"","overlay-gradient":""},"mobile":{"background-color":"","background-image":"","background-repeat":"repeat","background-position":"center center","background-size":"auto","background-attachment":"scroll","background-type":"","background-media":"","overlay-type":"","overlay-color":"","overlay-opacity":"","overlay-gradient":""}},"ast-content-background-meta":{"desktop":{"background-color":"var(--ast-global-color-5)","background-image":"","background-repeat":"repeat","background-position":"center center","background-size":"auto","background-attachment":"scroll","background-type":"","background-media":"","overlay-type":"","overlay-color":"","overlay-opacity":"","overlay-gradient":""},"tablet":{"background-color":"var(--ast-global-color-5)","background-image":"","background-repeat":"repeat","background-position":"center center","background-size":"auto","background-attachment":"scroll","background-type":"","background-media":"","overlay-type":"","overlay-color":"","overlay-opacity":"","overlay-gradient":""},"mobile":{"background-color":"var(--ast-global-color-5)","background-image":"","background-repeat":"repeat","background-position":"center center","background-size":"auto","background-attachment":"scroll","background-type":"","background-media":"","overlay-type":"","overlay-color":"","overlay-opacity":"","overlay-gradient":""}}},"product_brand":[],"product_cat":[666],"product_tag":[1303,1319,1318,1321,1328],"marcas":[361],"class_list":{"0":"post-158466","1":"product","2":"type-product","3":"status-publish","4":"has-post-thumbnail","6":"product_cat-fogoes-independentes","7":"product_tag-brasa-pt","8":"product_tag-forno","9":"product_tag-home-pt-pt","10":"product_tag-indoor-pt-pt","11":"product_tag-steel-pt-pt","12":"marcas-steel-pt-pt","13":"desktop-align-center","14":"tablet-align-left","15":"mobile-align-left","16":"ast-product-gallery-layout-horizontal","17":"ast-product-gallery-with-no-image","18":"ast-magnify-disabled","19":"ast-product-single-variable","20":"ast-product-tabs-layout-horizontal","22":"first","23":"instock","24":"shipping-taxable","25":"product-type-variable"},"yoast_head":"<!-- This site is optimized with the Yoast SEO plugin v27.1.1 - https:\/\/yoast.com\/product\/yoast-seo-wordpress\/ -->\n<title>ASCOT |<\/title>\n<meta name=\"robots\" content=\"index, follow, max-snippet:-1, max-image-preview:large, max-video-preview:-1\" \/>\n<link rel=\"canonical\" href=\"https:\/\/dake.es\/pt-pt\/catalogo\/all-in-one-pt-pt\/fogoes-independentes\/ascot\/\" \/>\n<meta property=\"og:locale\" content=\"pt_PT\" \/>\n<meta property=\"og:type\" content=\"article\" \/>\n<meta property=\"og:title\" content=\"ASCOT |\" \/>\n<meta property=\"og:description\" content=\"Ascot 120 com dois fornos\" \/>\n<meta property=\"og:url\" content=\"https:\/\/dake.es\/pt-pt\/catalogo\/all-in-one-pt-pt\/fogoes-independentes\/ascot\/\" \/>\n<meta property=\"article:publisher\" content=\"https:\/\/www.facebook.com\/DAKECultoalaCocina\" \/>\n<meta property=\"article:modified_time\" content=\"2024-10-31T09:23:27+00:00\" \/>\n<meta property=\"og:image\" content=\"https:\/\/dake.es\/wp-content\/uploads\/2022\/09\/AQ12SF-6T-01.jpg\" \/>\n\t<meta property=\"og:image:width\" content=\"1267\" \/>\n\t<meta property=\"og:image:height\" content=\"1080\" \/>\n\t<meta property=\"og:image:type\" content=\"image\/jpeg\" \/>\n<meta name=\"twitter:card\" content=\"summary_large_image\" \/>\n<meta name=\"twitter:site\" content=\"@dake_team\" \/>\n<meta name=\"twitter:label1\" content=\"Tempo estimado de leitura\" \/>\n\t<meta name=\"twitter:data1\" content=\"1 minute\" \/>\n<script type=\"application\/ld+json\" class=\"yoast-schema-graph\">{\"@context\":\"https:\/\/schema.org\",\"@graph\":[{\"@type\":\"WebPage\",\"@id\":\"https:\/\/dake.es\/pt-pt\/catalogo\/all-in-one-pt-pt\/fogoes-independentes\/ascot\/\",\"url\":\"https:\/\/dake.es\/pt-pt\/catalogo\/all-in-one-pt-pt\/fogoes-independentes\/ascot\/\",\"name\":\"ASCOT |\",\"isPartOf\":{\"@id\":\"https:\/\/dake.es\/pt-pt\/#website\"},\"primaryImageOfPage\":{\"@id\":\"https:\/\/dake.es\/pt-pt\/catalogo\/all-in-one-pt-pt\/fogoes-independentes\/ascot\/#primaryimage\"},\"image\":{\"@id\":\"https:\/\/dake.es\/pt-pt\/catalogo\/all-in-one-pt-pt\/fogoes-independentes\/ascot\/#primaryimage\"},\"thumbnailUrl\":\"https:\/\/dake.es\/wp-content\/uploads\/2022\/09\/AQ12SF-6T-01.jpg\",\"datePublished\":\"2024-04-29T10:18:09+00:00\",\"dateModified\":\"2024-10-31T09:23:27+00:00\",\"breadcrumb\":{\"@id\":\"https:\/\/dake.es\/pt-pt\/catalogo\/all-in-one-pt-pt\/fogoes-independentes\/ascot\/#breadcrumb\"},\"inLanguage\":\"pt-PT\",\"potentialAction\":[{\"@type\":\"ReadAction\",\"target\":[\"https:\/\/dake.es\/pt-pt\/catalogo\/all-in-one-pt-pt\/fogoes-independentes\/ascot\/\"]}]},{\"@type\":\"ImageObject\",\"inLanguage\":\"pt-PT\",\"@id\":\"https:\/\/dake.es\/pt-pt\/catalogo\/all-in-one-pt-pt\/fogoes-independentes\/ascot\/#primaryimage\",\"url\":\"https:\/\/dake.es\/wp-content\/uploads\/2022\/09\/AQ12SF-6T-01.jpg\",\"contentUrl\":\"https:\/\/dake.es\/wp-content\/uploads\/2022\/09\/AQ12SF-6T-01.jpg\",\"width\":1267,\"height\":1080},{\"@type\":\"BreadcrumbList\",\"@id\":\"https:\/\/dake.es\/pt-pt\/catalogo\/all-in-one-pt-pt\/fogoes-independentes\/ascot\/#breadcrumb\",\"itemListElement\":[{\"@type\":\"ListItem\",\"position\":1,\"name\":\"Portada\",\"item\":\"https:\/\/dake.es\/pt-pt\/\"},{\"@type\":\"ListItem\",\"position\":2,\"name\":\"Cat\u00e1logo\",\"item\":\"https:\/\/dake.es\/pt-pt\/catalogo\/\"},{\"@type\":\"ListItem\",\"position\":3,\"name\":\"ASCOT\"}]},{\"@type\":\"WebSite\",\"@id\":\"https:\/\/dake.es\/pt-pt\/#website\",\"url\":\"https:\/\/dake.es\/pt-pt\/\",\"name\":\"DAKE\",\"description\":\"DAKE\",\"publisher\":{\"@id\":\"https:\/\/dake.es\/pt-pt\/#organization\"},\"potentialAction\":[{\"@type\":\"SearchAction\",\"target\":{\"@type\":\"EntryPoint\",\"urlTemplate\":\"https:\/\/dake.es\/pt-pt\/?s={search_term_string}\"},\"query-input\":{\"@type\":\"PropertyValueSpecification\",\"valueRequired\":true,\"valueName\":\"search_term_string\"}}],\"inLanguage\":\"pt-PT\"},{\"@type\":\"Organization\",\"@id\":\"https:\/\/dake.es\/pt-pt\/#organization\",\"name\":\"DAKE\",\"url\":\"https:\/\/dake.es\/pt-pt\/\",\"logo\":{\"@type\":\"ImageObject\",\"inLanguage\":\"pt-PT\",\"@id\":\"https:\/\/dake.es\/pt-pt\/#\/schema\/logo\/image\/\",\"url\":\"https:\/\/dake.es\/wp-content\/uploads\/2024\/05\/cropped-imago-e1716200344255.png\",\"contentUrl\":\"https:\/\/dake.es\/wp-content\/uploads\/2024\/05\/cropped-imago-e1716200344255.png\",\"width\":476,\"height\":471,\"caption\":\"DAKE\"},\"image\":{\"@id\":\"https:\/\/dake.es\/pt-pt\/#\/schema\/logo\/image\/\"},\"sameAs\":[\"https:\/\/www.facebook.com\/DAKECultoalaCocina\",\"https:\/\/x.com\/dake_team\",\"https:\/\/www.instagram.com\/dake_cultoalacocina\/\",\"https:\/\/www.linkedin.com\/company\/dake-culto-a-la-cocina\"]}]}<\/script>\n<!-- \/ Yoast SEO plugin. -->","yoast_head_json":{"title":"ASCOT |","robots":{"index":"index","follow":"follow","max-snippet":"max-snippet:-1","max-image-preview":"max-image-preview:large","max-video-preview":"max-video-preview:-1"},"canonical":"https:\/\/dake.es\/pt-pt\/catalogo\/all-in-one-pt-pt\/fogoes-independentes\/ascot\/","og_locale":"pt_PT","og_type":"article","og_title":"ASCOT |","og_description":"Ascot 120 com dois fornos","og_url":"https:\/\/dake.es\/pt-pt\/catalogo\/all-in-one-pt-pt\/fogoes-independentes\/ascot\/","article_publisher":"https:\/\/www.facebook.com\/DAKECultoalaCocina","article_modified_time":"2024-10-31T09:23:27+00:00","og_image":[{"width":1267,"height":1080,"url":"https:\/\/dake.es\/wp-content\/uploads\/2022\/09\/AQ12SF-6T-01.jpg","type":"image\/jpeg"}],"twitter_card":"summary_large_image","twitter_site":"@dake_team","twitter_misc":{"Tempo estimado de leitura":"1 minute"},"schema":{"@context":"https:\/\/schema.org","@graph":[{"@type":"WebPage","@id":"https:\/\/dake.es\/pt-pt\/catalogo\/all-in-one-pt-pt\/fogoes-independentes\/ascot\/","url":"https:\/\/dake.es\/pt-pt\/catalogo\/all-in-one-pt-pt\/fogoes-independentes\/ascot\/","name":"ASCOT |","isPartOf":{"@id":"https:\/\/dake.es\/pt-pt\/#website"},"primaryImageOfPage":{"@id":"https:\/\/dake.es\/pt-pt\/catalogo\/all-in-one-pt-pt\/fogoes-independentes\/ascot\/#primaryimage"},"image":{"@id":"https:\/\/dake.es\/pt-pt\/catalogo\/all-in-one-pt-pt\/fogoes-independentes\/ascot\/#primaryimage"},"thumbnailUrl":"https:\/\/dake.es\/wp-content\/uploads\/2022\/09\/AQ12SF-6T-01.jpg","datePublished":"2024-04-29T10:18:09+00:00","dateModified":"2024-10-31T09:23:27+00:00","breadcrumb":{"@id":"https:\/\/dake.es\/pt-pt\/catalogo\/all-in-one-pt-pt\/fogoes-independentes\/ascot\/#breadcrumb"},"inLanguage":"pt-PT","potentialAction":[{"@type":"ReadAction","target":["https:\/\/dake.es\/pt-pt\/catalogo\/all-in-one-pt-pt\/fogoes-independentes\/ascot\/"]}]},{"@type":"ImageObject","inLanguage":"pt-PT","@id":"https:\/\/dake.es\/pt-pt\/catalogo\/all-in-one-pt-pt\/fogoes-independentes\/ascot\/#primaryimage","url":"https:\/\/dake.es\/wp-content\/uploads\/2022\/09\/AQ12SF-6T-01.jpg","contentUrl":"https:\/\/dake.es\/wp-content\/uploads\/2022\/09\/AQ12SF-6T-01.jpg","width":1267,"height":1080},{"@type":"BreadcrumbList","@id":"https:\/\/dake.es\/pt-pt\/catalogo\/all-in-one-pt-pt\/fogoes-independentes\/ascot\/#breadcrumb","itemListElement":[{"@type":"ListItem","position":1,"name":"Portada","item":"https:\/\/dake.es\/pt-pt\/"},{"@type":"ListItem","position":2,"name":"Cat\u00e1logo","item":"https:\/\/dake.es\/pt-pt\/catalogo\/"},{"@type":"ListItem","position":3,"name":"ASCOT"}]},{"@type":"WebSite","@id":"https:\/\/dake.es\/pt-pt\/#website","url":"https:\/\/dake.es\/pt-pt\/","name":"DAKE","description":"DAKE","publisher":{"@id":"https:\/\/dake.es\/pt-pt\/#organization"},"potentialAction":[{"@type":"SearchAction","target":{"@type":"EntryPoint","urlTemplate":"https:\/\/dake.es\/pt-pt\/?s={search_term_string}"},"query-input":{"@type":"PropertyValueSpecification","valueRequired":true,"valueName":"search_term_string"}}],"inLanguage":"pt-PT"},{"@type":"Organization","@id":"https:\/\/dake.es\/pt-pt\/#organization","name":"DAKE","url":"https:\/\/dake.es\/pt-pt\/","logo":{"@type":"ImageObject","inLanguage":"pt-PT","@id":"https:\/\/dake.es\/pt-pt\/#\/schema\/logo\/image\/","url":"https:\/\/dake.es\/wp-content\/uploads\/2024\/05\/cropped-imago-e1716200344255.png","contentUrl":"https:\/\/dake.es\/wp-content\/uploads\/2024\/05\/cropped-imago-e1716200344255.png","width":476,"height":471,"caption":"DAKE"},"image":{"@id":"https:\/\/dake.es\/pt-pt\/#\/schema\/logo\/image\/"},"sameAs":["https:\/\/www.facebook.com\/DAKECultoalaCocina","https:\/\/x.com\/dake_team","https:\/\/www.instagram.com\/dake_cultoalacocina\/","https:\/\/www.linkedin.com\/company\/dake-culto-a-la-cocina"]}]}},"_links":{"self":[{"href":"https:\/\/dake.es\/pt-pt\/wp-json\/wp\/v2\/product\/158466","targetHints":{"allow":["GET"]}}],"collection":[{"href":"https:\/\/dake.es\/pt-pt\/wp-json\/wp\/v2\/product"}],"about":[{"href":"https:\/\/dake.es\/pt-pt\/wp-json\/wp\/v2\/types\/product"}],"wp:featuredmedia":[{"embeddable":true,"href":"https:\/\/dake.es\/pt-pt\/wp-json\/wp\/v2\/media\/8272"}],"wp:attachment":[{"href":"https:\/\/dake.es\/pt-pt\/wp-json\/wp\/v2\/media?parent=158466"}],"wp:term":[{"taxonomy":"product_brand","embeddable":true,"href":"https:\/\/dake.es\/pt-pt\/wp-json\/wp\/v2\/product_brand?post=158466"},{"taxonomy":"product_cat","embeddable":true,"href":"https:\/\/dake.es\/pt-pt\/wp-json\/wp\/v2\/product_cat?post=158466"},{"taxonomy":"product_tag","embeddable":true,"href":"https:\/\/dake.es\/pt-pt\/wp-json\/wp\/v2\/product_tag?post=158466"},{"taxonomy":"marcas","embeddable":true,"href":"https:\/\/dake.es\/pt-pt\/wp-json\/wp\/v2\/marcas?post=158466"}],"curies":[{"name":"wp","href":"https:\/\/api.w.org\/{rel}","templated":true}]}}