{"id":176559,"date":"2026-02-18T15:11:11","date_gmt":"2026-02-18T14:11:11","guid":{"rendered":"https:\/\/dake.es\/politica-de-cookies-ue\/"},"modified":"2026-02-18T15:11:13","modified_gmt":"2026-02-18T14:11:13","slug":"politica-de-cookies-ue","status":"publish","type":"page","link":"https:\/\/dake.es\/pt-pt\/politica-de-cookies-ue\/","title":{"rendered":"Pol\u00edtica de Cookies (UE)"},"content":{"rendered":"<style>.wp-block-kadence-advancedheading.kt-adv-heading37838_4b6b94-d0, .wp-block-kadence-advancedheading.kt-adv-heading37838_4b6b94-d0[data-kb-block=\"kb-adv-heading37838_4b6b94-d0\"]{padding-top:var(--global-kb-spacing-md, 2rem);margin-top:var(--global-kb-spacing-lg, 3rem);font-style:normal;}.wp-block-kadence-advancedheading.kt-adv-heading37838_4b6b94-d0 mark.kt-highlight, .wp-block-kadence-advancedheading.kt-adv-heading37838_4b6b94-d0[data-kb-block=\"kb-adv-heading37838_4b6b94-d0\"] mark.kt-highlight{font-style:normal;color:#f76a0c;-webkit-box-decoration-break:clone;box-decoration-break:clone;padding-top:0px;padding-right:0px;padding-bottom:0px;padding-left:0px;}.wp-block-kadence-advancedheading.kt-adv-heading37838_4b6b94-d0 img.kb-inline-image, .wp-block-kadence-advancedheading.kt-adv-heading37838_4b6b94-d0[data-kb-block=\"kb-adv-heading37838_4b6b94-d0\"] img.kb-inline-image{width:150px;vertical-align:baseline;}<\/style>\n<h2 class=\"kt-adv-heading37838_4b6b94-d0 wp-block-kadence-advancedheading\" data-kb-block=\"kb-adv-heading37838_4b6b94-d0\">POL\u00cdTICA DE COOKIES<\/h2>\n\n<p>\u00daltima atualiza\u00e7\u00e3o: 16 de fevereiro de 2026<br\/>Esta pol\u00edtica aplica-se aos utilizadores do Espa\u00e7o Econ\u00f3mico Europeu.<\/p>\n\n<hr class=\"wp-block-separator has-alpha-channel-opacity\"\/>\n\n<h4 class=\"wp-block-heading\">1. Introdu\u00e7\u00e3o<\/h4>\n\n<p>A presente Pol\u00edtica de Cookies explica como a DAKE FREGADEROS, SLU (doravante, \u201cDAKE\u201d) utiliza cookies e tecnologias semelhantes no website <a href=\"https:\/\/dake.es\/pt-pt\/\">https:\/\/dake.es <\/a>(doravante, o \u201cSite\u201d).<\/p>\n\n<p>As cookies podem ser pr\u00f3prias (geridas pela DAKE) ou de terceiros (geridas por prestadores externos contratados para fornecer determinados servi\u00e7os).<\/p>\n\n<hr class=\"wp-block-separator has-alpha-channel-opacity\"\/>\n\n<h4 class=\"wp-block-heading\">2. O que s\u00e3o as cookies?<\/h4>\n\n<p>Uma cookie \u00e9 um pequeno ficheiro que \u00e9 descarregado e armazenado no navegador do Utilizador quando este acede a determinadas p\u00e1ginas web.<\/p>\n\n<p>As cookies permitem, entre outras coisas:<\/p>\n\n<ul class=\"wp-block-list\">\n<li>Reconhecer o Utilizador em visitas posteriores.<\/li>\n\n\n\n<li>Recordar as suas prefer\u00eancias.<\/li>\n\n\n\n<li>Analisar a utiliza\u00e7\u00e3o do Site.<\/li>\n\n\n\n<li>Melhorar a experi\u00eancia de navega\u00e7\u00e3o.<\/li>\n<\/ul>\n\n<p>As cookies n\u00e3o danificam o dispositivo do Utilizador e n\u00e3o podem aceder a informa\u00e7\u00e3o armazenada fora do seu pr\u00f3prio ambiente.<\/p>\n\n<hr class=\"wp-block-separator has-alpha-channel-opacity\"\/>\n\n<h4 class=\"wp-block-heading\">3. O que s\u00e3o os scripts e tecnologias semelhantes?<\/h4>\n\n<p>O Site pode utilizar:<\/p>\n\n<ul class=\"wp-block-list\">\n<li>Scripts: fragmentos de c\u00f3digo que permitem o correto funcionamento do Site.<\/li>\n\n\n\n<li>Web beacons ou p\u00edxeis de rastreio: pequenas imagens invis\u00edveis que permitem analisar o tr\u00e1fego ou a intera\u00e7\u00e3o com conte\u00fados.<\/li>\n<\/ul>\n\n<p>Estas tecnologias podem implicar o tratamento de dados pessoais, como o endere\u00e7o IP ou identificadores online.<\/p>\n\n<hr class=\"wp-block-separator has-alpha-channel-opacity\"\/>\n\n<h4 class=\"wp-block-heading\">4. Tipos de cookies utilizadas<\/h4>\n\n<h5 class=\"wp-block-heading\">4.1 Cookies t\u00e9cnicas ou necess\u00e1rias<\/h5>\n\n<p>Permitem a navega\u00e7\u00e3o e o funcionamento b\u00e1sico do Site.<\/p>\n\n<p>Incluem, por exemplo:<\/p>\n\n<ul class=\"wp-block-list\">\n<li>Cookies de sess\u00e3o<\/li>\n\n\n\n<li>Prefer\u00eancias de idioma<\/li>\n\n\n\n<li>Gest\u00e3o do consentimento<\/li>\n<\/ul>\n\n<p>Estas cookies n\u00e3o requerem consentimento pr\u00e9vio.<\/p>\n\n<hr class=\"wp-block-separator has-alpha-channel-opacity\"\/>\n\n<h5 class=\"wp-block-heading\">4.2 Cookies de an\u00e1lise ou estat\u00edsticas<\/h5>\n\n<p>Permitem analisar o comportamento dos utilizadores no Site com o objetivo de melhorar o seu funcionamento e conte\u00fados.<\/p>\n\n<p>Por exemplo:<\/p>\n\n<ul class=\"wp-block-list\">\n<li>Google Analytics (Google Ireland Limited)<\/li>\n<\/ul>\n\n<p>Estas cookies s\u00f3 s\u00e3o instaladas com o consentimento do Utilizador.<\/p>\n\n<hr class=\"wp-block-separator has-alpha-channel-opacity\"\/>\n\n<h5 class=\"wp-block-heading\">4.3 Cookies de marketing ou de rastreio<\/h5>\n\n<p>Permitem gerir espa\u00e7os publicit\u00e1rios e acompanhar o comportamento do Utilizador para apresentar publicidade personalizada.<\/p>\n\n<p>Incluem tecnologias como:<\/p>\n\n<ul class=\"wp-block-list\">\n<li>Meta Platforms (Facebook \/ Instagram)<\/li>\n\n\n\n<li>LinkedIn Insight Tag<\/li>\n\n\n\n<li>YouTube<\/li>\n\n\n\n<li>Google Ads<\/li>\n<\/ul>\n\n<p>Estas cookies requerem consentimento expresso.<\/p>\n\n<hr class=\"wp-block-separator has-alpha-channel-opacity\"\/>\n\n<h5 class=\"wp-block-heading\">4.4 Cookies de redes sociais<\/h5>\n\n<p>O Site pode incorporar bot\u00f5es ou plugins sociais que permitem partilhar conte\u00fados.<\/p>\n\n<p>Estes servi\u00e7os podem instalar cookies pr\u00f3prias geridas por:<\/p>\n\n<ul class=\"wp-block-list\">\n<li>Meta Platforms Ireland Limited<\/li>\n\n\n\n<li>LinkedIn Ireland Unlimited Company<\/li>\n\n\n\n<li>Google Ireland Limited (YouTube)<\/li>\n<\/ul>\n\n<p>A DAKE n\u00e3o controla diretamente estas cookies. Recomenda-se a consulta das respetivas pol\u00edticas. <\/p>\n\n<hr class=\"wp-block-separator has-alpha-channel-opacity\"\/>\n\n<h4 class=\"wp-block-heading\">5. Cookies de terceiros utilizadas no Site<\/h4>\n\n<p>Atualmente, o Site pode utilizar servi\u00e7os como:<\/p>\n\n<ul class=\"wp-block-list\">\n<li>Google Analytics<\/li>\n\n\n\n<li>Google Tag Manager<\/li>\n\n\n\n<li>Google Maps<\/li>\n\n\n\n<li>YouTube<\/li>\n\n\n\n<li>Meta Platforms (Facebook \/ Instagram)<\/li>\n\n\n\n<li>LinkedIn<\/li>\n\n\n\n<li>Brevo (para comunica\u00e7\u00f5es eletr\u00f3nicas)<\/li>\n<\/ul>\n\n<p>Alguns destes fornecedores podem implicar transfer\u00eancias internacionais de dados para os Estados Unidos, realizadas ao abrigo do Data Privacy Framework ou mediante garantias adequadas nos termos do RGPD.<\/p>\n\n<hr class=\"wp-block-separator has-alpha-channel-opacity\"\/>\n\n<h4 class=\"wp-block-heading\">6. Gest\u00e3o do consentimento<\/h4>\n\n<p>Quando o Utilizador acede ao Site pela primeira vez, \u00e9 apresentado um banner de configura\u00e7\u00e3o de cookies que permite:<\/p>\n\n<ul class=\"wp-block-list\">\n<li>Aceitar todas as cookies<\/li>\n\n\n\n<li>Rejeitar as cookies n\u00e3o necess\u00e1rias<\/li>\n\n\n\n<li>Configurar prefer\u00eancias por categorias<\/li>\n<\/ul>\n\n<p>O consentimento:<\/p>\n\n<ul class=\"wp-block-list\">\n<li>\u00c9 pr\u00e9vio \u00e0 instala\u00e7\u00e3o de cookies n\u00e3o necess\u00e1rias<\/li>\n\n\n\n<li>\u00c9 livre, informado e espec\u00edfico<\/li>\n\n\n\n<li>Pode ser revogado a qualquer momento<\/li>\n<\/ul>\n\n<p>O Utilizador pode modificar as suas prefer\u00eancias atrav\u00e9s da liga\u00e7\u00e3o de configura\u00e7\u00e3o de cookies dispon\u00edvel no Site.<\/p>\n\n<hr class=\"wp-block-separator has-alpha-channel-opacity\"\/>\n\n<h4 class=\"wp-block-heading\">7. Conserva\u00e7\u00e3o dos dados<\/h4>\n\n<p>Os dados recolhidos atrav\u00e9s de cookies ser\u00e3o conservados durante os prazos estabelecidos por cada fornecedor ou at\u00e9 que o Utilizador retire o seu consentimento.<\/p>\n\n<p>Os prazos espec\u00edficos podem ser consultados na configura\u00e7\u00e3o do painel de cookies.<\/p>\n\n<hr class=\"wp-block-separator has-alpha-channel-opacity\"\/>\n\n<h4 class=\"wp-block-heading\">8. Direitos do Utilizador<\/h4>\n\n<p>Relativamente aos dados pessoais tratados atrav\u00e9s de cookies, o Utilizador pode exercer os direitos reconhecidos no RGPD:<\/p>\n\n<ul class=\"wp-block-list\">\n<li>Direito de acesso<\/li>\n\n\n\n<li>Direito de retifica\u00e7\u00e3o<\/li>\n\n\n\n<li>Direito de apagamento<\/li>\n\n\n\n<li>Direito de apagamento<\/li>\n\n\n\n<li>Direito \u00e0 limita\u00e7\u00e3o do tratamento<\/li>\n\n\n\n<li>Direito \u00e0 portabilidade<\/li>\n<\/ul>\n\n<p>Para exercer estes direitos, pode contactar atrav\u00e9s de:<\/p>\n\n<p><a>comercial@dake.es<\/a><\/p>\n\n<p>Do mesmo modo, pode apresentar reclama\u00e7\u00e3o junto da Ag\u00eancia Espanhola de Prote\u00e7\u00e3o de Dados (<a href=\"http:\/\/www.aepd.es\">www.aepd.es<\/a>).<\/p>\n\n<hr class=\"wp-block-separator has-alpha-channel-opacity\"\/>\n\n<h4 class=\"wp-block-heading\">9. Como desativar ou eliminar cookies<\/h4>\n\n<p>O Utilizador pode eliminar ou bloquear cookies atrav\u00e9s da configura\u00e7\u00e3o do seu navegador.<\/p>\n\n<p>Liga\u00e7\u00f5es informativas:<\/p>\n<style>.wp-block-kadence-iconlist.kt-svg-icon-list-items37838_3d9f15-92:not(.this-stops-third-party-issues){margin-top:0px;margin-bottom:0px;}.wp-block-kadence-iconlist.kt-svg-icon-list-items37838_3d9f15-92 ul.kt-svg-icon-list:not(.this-prevents-issues):not(.this-stops-third-party-issues):not(.tijsloc){margin-top:0px;margin-right:0px;margin-bottom:var(--global-kb-spacing-sm, 1.5rem);margin-left:0px;}.wp-block-kadence-iconlist.kt-svg-icon-list-items37838_3d9f15-92 ul.kt-svg-icon-list{grid-row-gap:5px;}.wp-block-kadence-iconlist.kt-svg-icon-list-items37838_3d9f15-92 ul.kt-svg-icon-list .kt-svg-icon-list-item-wrap .kt-svg-icon-list-single{margin-right:10px;}.kt-svg-icon-list-items37838_3d9f15-92 ul.kt-svg-icon-list .kt-svg-icon-list-level-0 .kt-svg-icon-list-single svg{font-size:20px;}.wp-block-kadence-iconlist.kt-svg-icon-list-items37838_3d9f15-92 .wp-block-kadence-listitem a{text-decoration:underline;}<\/style>\n<div class=\"wp-block-kadence-iconlist kt-svg-icon-list-items kt-svg-icon-list-items37838_3d9f15-92 kt-svg-icon-list-columns-1 alignnone\"><ul class=\"kt-svg-icon-list\"><style>.kt-svg-icon-list-item-37838_9c446d-1f .kt-svg-icon-list-text mark.kt-highlight{background-color:unset;font-style:normal;color:#f76a0c;-webkit-box-decoration-break:clone;box-decoration-break:clone;padding-top:0px;padding-right:0px;padding-bottom:0px;padding-left:0px;}<\/style>\n<li class=\"wp-block-kadence-listitem kt-svg-icon-list-item-wrap kt-svg-icon-list-item-37838_9c446d-1f\"><a href=\"https:\/\/support.google.com\/chrome\/answer\/95647#zippy=%2Callow-or-block-cookies\" class=\"kt-svg-icon-link\" target=\"_blank\" rel=\"noopener noreferrer nofollow\"><span class=\"kb-svg-icon-wrap kb-svg-icon-fe_arrowRight kt-svg-icon-list-single\"><svg viewBox=\"0 0 24 24\"  fill=\"none\" stroke=\"currentColor\" stroke-width=\"2\" stroke-linecap=\"round\" stroke-linejoin=\"round\" xmlns=\"http:\/\/www.w3.org\/2000\/svg\"  aria-hidden=\"true\"><line x1=\"5\" y1=\"12\" x2=\"19\" y2=\"12\"\/><polyline points=\"12 5 19 12 12 19\"\/><\/svg><\/span><span class=\"kt-svg-icon-list-text\"><a href=\"https:\/\/support.google.com\/chrome\/answer\/95647#zippy=%2Callow-or-block-cookies\">Chrome<\/a><\/span><\/a><\/li>\n\n\n<style>.kt-svg-icon-list-item-37838_aaba01-b2 .kt-svg-icon-list-text mark.kt-highlight{background-color:unset;font-style:normal;color:#f76a0c;-webkit-box-decoration-break:clone;box-decoration-break:clone;padding-top:0px;padding-right:0px;padding-bottom:0px;padding-left:0px;}<\/style>\n<li class=\"wp-block-kadence-listitem kt-svg-icon-list-item-wrap kt-svg-icon-list-item-37838_aaba01-b2\"><a href=\"https:\/\/support.mozilla.org\/es\/kb\/Borrar%20cookies\" class=\"kt-svg-icon-link\"><span class=\"kb-svg-icon-wrap kb-svg-icon-fe_arrowRight kt-svg-icon-list-single\"><svg viewBox=\"0 0 24 24\"  fill=\"none\" stroke=\"currentColor\" stroke-width=\"2\" stroke-linecap=\"round\" stroke-linejoin=\"round\" xmlns=\"http:\/\/www.w3.org\/2000\/svg\"  aria-hidden=\"true\"><line x1=\"5\" y1=\"12\" x2=\"19\" y2=\"12\"\/><polyline points=\"12 5 19 12 12 19\"\/><\/svg><\/span><span class=\"kt-svg-icon-list-text\">Firefox<\/span><\/a><\/li>\n\n\n<style>.kt-svg-icon-list-item-37838_57908b-aa .kt-svg-icon-list-text mark.kt-highlight{background-color:unset;font-style:normal;color:#f76a0c;-webkit-box-decoration-break:clone;box-decoration-break:clone;padding-top:0px;padding-right:0px;padding-bottom:0px;padding-left:0px;}<\/style>\n<li class=\"wp-block-kadence-listitem kt-svg-icon-list-item-wrap kt-svg-icon-list-item-37838_57908b-aa\"><a href=\"https:\/\/support.apple.com\/es-es\/guide\/safari\/sfri11471\/mac\" class=\"kt-svg-icon-link\"><span class=\"kb-svg-icon-wrap kb-svg-icon-fe_arrowRight kt-svg-icon-list-single\"><svg viewBox=\"0 0 24 24\"  fill=\"none\" stroke=\"currentColor\" stroke-width=\"2\" stroke-linecap=\"round\" stroke-linejoin=\"round\" xmlns=\"http:\/\/www.w3.org\/2000\/svg\"  aria-hidden=\"true\"><line x1=\"5\" y1=\"12\" x2=\"19\" y2=\"12\"\/><polyline points=\"12 5 19 12 12 19\"\/><\/svg><\/span><span class=\"kt-svg-icon-list-text\">Safari<\/span><\/a><\/li>\n\n\n<style>.kt-svg-icon-list-item-37838_05485f-55 .kt-svg-icon-list-text mark.kt-highlight{background-color:unset;font-style:normal;color:#f76a0c;-webkit-box-decoration-break:clone;box-decoration-break:clone;padding-top:0px;padding-right:0px;padding-bottom:0px;padding-left:0px;}<\/style>\n<li class=\"wp-block-kadence-listitem kt-svg-icon-list-item-wrap kt-svg-icon-list-item-37838_05485f-55\"><a href=\"https:\/\/support.microsoft.com\/en-us\/microsoft-edge\/microsoft-edge-browsing-data-and-privacy-bb8174ba-9d73-dcf2-9b4a-c582b4e640dd\" class=\"kt-svg-icon-link\"><span class=\"kb-svg-icon-wrap kb-svg-icon-fe_arrowRight kt-svg-icon-list-single\"><svg viewBox=\"0 0 24 24\"  fill=\"none\" stroke=\"currentColor\" stroke-width=\"2\" stroke-linecap=\"round\" stroke-linejoin=\"round\" xmlns=\"http:\/\/www.w3.org\/2000\/svg\"  aria-hidden=\"true\"><line x1=\"5\" y1=\"12\" x2=\"19\" y2=\"12\"\/><polyline points=\"12 5 19 12 12 19\"\/><\/svg><\/span><span class=\"kt-svg-icon-list-text\">Edge<\/span><\/a><\/li>\n<\/ul><\/div>\n\n<p>A desativa\u00e7\u00e3o de determinadas cookies pode afetar o funcionamento do Site.<\/p>\n\n<hr class=\"wp-block-separator has-alpha-channel-opacity\"\/>\n\n<h4 class=\"wp-block-heading\">10. Altera\u00e7\u00f5es \u00e0 Pol\u00edtica de Cookies<\/h4>\n\n<p>A DAKE poder\u00e1 modificar a presente Pol\u00edtica de Cookies para a adaptar a altera\u00e7\u00f5es legislativas, t\u00e9cnicas ou de funcionamento do Site.<\/p>\n\n<p>Recomenda-se a sua consulta peri\u00f3dica.<\/p>\n\n<hr class=\"wp-block-separator has-alpha-channel-opacity\"\/>\n\n<h4 class=\"wp-block-heading\">11. Dados de contacto<\/h4>\n\n<p>Respons\u00e1vel pelo tratamento:<\/p>\n<style>.wp-block-kadence-advancedheading.kt-adv-heading37838_5c8f0c-f5, .wp-block-kadence-advancedheading.kt-adv-heading37838_5c8f0c-f5[data-kb-block=\"kb-adv-heading37838_5c8f0c-f5\"]{margin-bottom:var(--global-kb-spacing-lg, 3rem);font-style:normal;}.wp-block-kadence-advancedheading.kt-adv-heading37838_5c8f0c-f5 mark.kt-highlight, .wp-block-kadence-advancedheading.kt-adv-heading37838_5c8f0c-f5[data-kb-block=\"kb-adv-heading37838_5c8f0c-f5\"] mark.kt-highlight{font-style:normal;color:#f76a0c;-webkit-box-decoration-break:clone;box-decoration-break:clone;padding-top:0px;padding-right:0px;padding-bottom:0px;padding-left:0px;}.wp-block-kadence-advancedheading.kt-adv-heading37838_5c8f0c-f5 img.kb-inline-image, .wp-block-kadence-advancedheading.kt-adv-heading37838_5c8f0c-f5[data-kb-block=\"kb-adv-heading37838_5c8f0c-f5\"] img.kb-inline-image{width:150px;vertical-align:baseline;}<\/style>\n<p class=\"kt-adv-heading37838_5c8f0c-f5 wp-block-kadence-advancedheading\" data-kb-block=\"kb-adv-heading37838_5c8f0c-f5\"><strong>DAKE FREGADEROS, SLU<br\/>CIF: B64728421<br\/>Avda. del Riu Mogent 40<br\/>08170 Montorn\u00e9s del Vall\u00e9s, Barcelona<br\/>Email: <a>comercial@dake.es<\/a><br\/>Web: <a href=\"https:\/\/dake.es\/pt-pt\/\">https:\/\/dake.es<\/a><\/strong><\/p>\n\n<p><\/p>\n","protected":false},"excerpt":{"rendered":"<p>POL\u00cdTICA DE COOKIES \u00daltima atualiza\u00e7\u00e3o: 16 de fevereiro de 2026Esta pol\u00edtica aplica-se aos utilizadores do Espa\u00e7o Econ\u00f3mico Europeu. 1. Introdu\u00e7\u00e3o A presente Pol\u00edtica de Cookies explica como a DAKE FREGADEROS,<\/p>\n","protected":false},"author":1,"featured_media":0,"parent":0,"menu_order":0,"comment_status":"closed","ping_status":"closed","template":"template-pages\/astra.php","meta":{"site-sidebar-layout":"default","site-content-layout":"","ast-site-content-layout":"default","site-content-style":"default","site-sidebar-style":"default","ast-global-header-display":"","ast-banner-title-visibility":"","ast-main-header-display":"","ast-hfb-above-header-display":"","ast-hfb-below-header-display":"","ast-hfb-mobile-header-display":"","site-post-title":"","ast-breadcrumbs-content":"","ast-featured-img":"","footer-sml-layout":"","ast-disable-related-posts":"","theme-transparent-header-meta":"","adv-header-id-meta":"","stick-header-meta":"","header-above-stick-meta":"","header-main-stick-meta":"","header-below-stick-meta":"","astra-migrate-meta-layouts":"default","ast-page-background-enabled":"default","ast-page-background-meta":{"desktop":{"background-color":"","background-image":"","background-repeat":"repeat","background-position":"center center","background-size":"auto","background-attachment":"scroll","background-type":"","background-media":"","overlay-type":"","overlay-color":"","overlay-opacity":"","overlay-gradient":""},"tablet":{"background-color":"","background-image":"","background-repeat":"repeat","background-position":"center center","background-size":"auto","background-attachment":"scroll","background-type":"","background-media":"","overlay-type":"","overlay-color":"","overlay-opacity":"","overlay-gradient":""},"mobile":{"background-color":"","background-image":"","background-repeat":"repeat","background-position":"center center","background-size":"auto","background-attachment":"scroll","background-type":"","background-media":"","overlay-type":"","overlay-color":"","overlay-opacity":"","overlay-gradient":""}},"ast-content-background-meta":{"desktop":{"background-color":"var(--ast-global-color-5)","background-image":"","background-repeat":"repeat","background-position":"center center","background-size":"auto","background-attachment":"scroll","background-type":"","background-media":"","overlay-type":"","overlay-color":"","overlay-opacity":"","overlay-gradient":""},"tablet":{"background-color":"var(--ast-global-color-5)","background-image":"","background-repeat":"repeat","background-position":"center center","background-size":"auto","background-attachment":"scroll","background-type":"","background-media":"","overlay-type":"","overlay-color":"","overlay-opacity":"","overlay-gradient":""},"mobile":{"background-color":"var(--ast-global-color-5)","background-image":"","background-repeat":"repeat","background-position":"center center","background-size":"auto","background-attachment":"scroll","background-type":"","background-media":"","overlay-type":"","overlay-color":"","overlay-opacity":"","overlay-gradient":""}},"footnotes":""},"class_list":["post-176559","page","type-page","status-publish","hentry"],"yoast_head":"<!-- This site is optimized with the Yoast SEO plugin v27.1.1 - https:\/\/yoast.com\/product\/yoast-seo-wordpress\/ -->\n<title>Pol\u00edtica de Cookies (UE) | DAKE<\/title>\n<meta name=\"robots\" content=\"noindex, nofollow\" \/>\n<meta property=\"og:locale\" content=\"pt_PT\" \/>\n<meta property=\"og:type\" content=\"article\" \/>\n<meta property=\"og:title\" content=\"Pol\u00edtica de Cookies (UE) | DAKE\" \/>\n<meta property=\"og:description\" content=\"POL\u00cdTICA DE COOKIES \u00daltima atualiza\u00e7\u00e3o: 16 de fevereiro de 2026Esta pol\u00edtica aplica-se aos utilizadores do Espa\u00e7o Econ\u00f3mico Europeu. 1. Introdu\u00e7\u00e3o A presente Pol\u00edtica de Cookies explica como a DAKE FREGADEROS,\" \/>\n<meta property=\"og:url\" content=\"https:\/\/dake.es\/pt-pt\/politica-de-cookies-ue\/\" \/>\n<meta property=\"article:publisher\" content=\"https:\/\/www.facebook.com\/DAKECultoalaCocina\" \/>\n<meta property=\"article:modified_time\" content=\"2026-02-18T14:11:13+00:00\" \/>\n<meta name=\"twitter:card\" content=\"summary_large_image\" \/>\n<meta name=\"twitter:site\" content=\"@dake_team\" \/>\n<meta name=\"twitter:label1\" content=\"Tempo estimado de leitura\" \/>\n\t<meta name=\"twitter:data1\" content=\"4 minutes\" \/>\n<script type=\"application\/ld+json\" class=\"yoast-schema-graph\">{\"@context\":\"https:\/\/schema.org\",\"@graph\":[{\"@type\":\"WebPage\",\"@id\":\"https:\/\/dake.es\/pt-pt\/politica-de-cookies-ue\/\",\"url\":\"https:\/\/dake.es\/pt-pt\/politica-de-cookies-ue\/\",\"name\":\"Pol\u00edtica de Cookies (UE) | DAKE\",\"isPartOf\":{\"@id\":\"https:\/\/dake.es\/pt-pt\/#website\"},\"datePublished\":\"2026-02-18T14:11:11+00:00\",\"dateModified\":\"2026-02-18T14:11:13+00:00\",\"breadcrumb\":{\"@id\":\"https:\/\/dake.es\/pt-pt\/politica-de-cookies-ue\/#breadcrumb\"},\"inLanguage\":\"pt-PT\",\"potentialAction\":[{\"@type\":\"ReadAction\",\"target\":[\"https:\/\/dake.es\/pt-pt\/politica-de-cookies-ue\/\"]}]},{\"@type\":\"BreadcrumbList\",\"@id\":\"https:\/\/dake.es\/pt-pt\/politica-de-cookies-ue\/#breadcrumb\",\"itemListElement\":[{\"@type\":\"ListItem\",\"position\":1,\"name\":\"Portada\",\"item\":\"https:\/\/dake.es\/pt-pt\/\"},{\"@type\":\"ListItem\",\"position\":2,\"name\":\"Pol\u00edtica de Cookies (UE)\"}]},{\"@type\":\"WebSite\",\"@id\":\"https:\/\/dake.es\/pt-pt\/#website\",\"url\":\"https:\/\/dake.es\/pt-pt\/\",\"name\":\"DAKE\",\"description\":\"DAKE\",\"publisher\":{\"@id\":\"https:\/\/dake.es\/pt-pt\/#organization\"},\"potentialAction\":[{\"@type\":\"SearchAction\",\"target\":{\"@type\":\"EntryPoint\",\"urlTemplate\":\"https:\/\/dake.es\/pt-pt\/?s={search_term_string}\"},\"query-input\":{\"@type\":\"PropertyValueSpecification\",\"valueRequired\":true,\"valueName\":\"search_term_string\"}}],\"inLanguage\":\"pt-PT\"},{\"@type\":\"Organization\",\"@id\":\"https:\/\/dake.es\/pt-pt\/#organization\",\"name\":\"DAKE\",\"url\":\"https:\/\/dake.es\/pt-pt\/\",\"logo\":{\"@type\":\"ImageObject\",\"inLanguage\":\"pt-PT\",\"@id\":\"https:\/\/dake.es\/pt-pt\/#\/schema\/logo\/image\/\",\"url\":\"https:\/\/dake.es\/wp-content\/uploads\/2024\/05\/cropped-imago-e1716200344255.png\",\"contentUrl\":\"https:\/\/dake.es\/wp-content\/uploads\/2024\/05\/cropped-imago-e1716200344255.png\",\"width\":476,\"height\":471,\"caption\":\"DAKE\"},\"image\":{\"@id\":\"https:\/\/dake.es\/pt-pt\/#\/schema\/logo\/image\/\"},\"sameAs\":[\"https:\/\/www.facebook.com\/DAKECultoalaCocina\",\"https:\/\/x.com\/dake_team\",\"https:\/\/www.instagram.com\/dake_cultoalacocina\/\",\"https:\/\/www.linkedin.com\/company\/dake-culto-a-la-cocina\"]}]}<\/script>\n<!-- \/ Yoast SEO plugin. -->","yoast_head_json":{"title":"Pol\u00edtica de Cookies (UE) | DAKE","robots":{"index":"noindex","follow":"nofollow"},"og_locale":"pt_PT","og_type":"article","og_title":"Pol\u00edtica de Cookies (UE) | DAKE","og_description":"POL\u00cdTICA DE COOKIES \u00daltima atualiza\u00e7\u00e3o: 16 de fevereiro de 2026Esta pol\u00edtica aplica-se aos utilizadores do Espa\u00e7o Econ\u00f3mico Europeu. 1. Introdu\u00e7\u00e3o A presente Pol\u00edtica de Cookies explica como a DAKE FREGADEROS,","og_url":"https:\/\/dake.es\/pt-pt\/politica-de-cookies-ue\/","article_publisher":"https:\/\/www.facebook.com\/DAKECultoalaCocina","article_modified_time":"2026-02-18T14:11:13+00:00","twitter_card":"summary_large_image","twitter_site":"@dake_team","twitter_misc":{"Tempo estimado de leitura":"4 minutes"},"schema":{"@context":"https:\/\/schema.org","@graph":[{"@type":"WebPage","@id":"https:\/\/dake.es\/pt-pt\/politica-de-cookies-ue\/","url":"https:\/\/dake.es\/pt-pt\/politica-de-cookies-ue\/","name":"Pol\u00edtica de Cookies (UE) | DAKE","isPartOf":{"@id":"https:\/\/dake.es\/pt-pt\/#website"},"datePublished":"2026-02-18T14:11:11+00:00","dateModified":"2026-02-18T14:11:13+00:00","breadcrumb":{"@id":"https:\/\/dake.es\/pt-pt\/politica-de-cookies-ue\/#breadcrumb"},"inLanguage":"pt-PT","potentialAction":[{"@type":"ReadAction","target":["https:\/\/dake.es\/pt-pt\/politica-de-cookies-ue\/"]}]},{"@type":"BreadcrumbList","@id":"https:\/\/dake.es\/pt-pt\/politica-de-cookies-ue\/#breadcrumb","itemListElement":[{"@type":"ListItem","position":1,"name":"Portada","item":"https:\/\/dake.es\/pt-pt\/"},{"@type":"ListItem","position":2,"name":"Pol\u00edtica de Cookies (UE)"}]},{"@type":"WebSite","@id":"https:\/\/dake.es\/pt-pt\/#website","url":"https:\/\/dake.es\/pt-pt\/","name":"DAKE","description":"DAKE","publisher":{"@id":"https:\/\/dake.es\/pt-pt\/#organization"},"potentialAction":[{"@type":"SearchAction","target":{"@type":"EntryPoint","urlTemplate":"https:\/\/dake.es\/pt-pt\/?s={search_term_string}"},"query-input":{"@type":"PropertyValueSpecification","valueRequired":true,"valueName":"search_term_string"}}],"inLanguage":"pt-PT"},{"@type":"Organization","@id":"https:\/\/dake.es\/pt-pt\/#organization","name":"DAKE","url":"https:\/\/dake.es\/pt-pt\/","logo":{"@type":"ImageObject","inLanguage":"pt-PT","@id":"https:\/\/dake.es\/pt-pt\/#\/schema\/logo\/image\/","url":"https:\/\/dake.es\/wp-content\/uploads\/2024\/05\/cropped-imago-e1716200344255.png","contentUrl":"https:\/\/dake.es\/wp-content\/uploads\/2024\/05\/cropped-imago-e1716200344255.png","width":476,"height":471,"caption":"DAKE"},"image":{"@id":"https:\/\/dake.es\/pt-pt\/#\/schema\/logo\/image\/"},"sameAs":["https:\/\/www.facebook.com\/DAKECultoalaCocina","https:\/\/x.com\/dake_team","https:\/\/www.instagram.com\/dake_cultoalacocina\/","https:\/\/www.linkedin.com\/company\/dake-culto-a-la-cocina"]}]}},"_links":{"self":[{"href":"https:\/\/dake.es\/pt-pt\/wp-json\/wp\/v2\/pages\/176559","targetHints":{"allow":["GET"]}}],"collection":[{"href":"https:\/\/dake.es\/pt-pt\/wp-json\/wp\/v2\/pages"}],"about":[{"href":"https:\/\/dake.es\/pt-pt\/wp-json\/wp\/v2\/types\/page"}],"author":[{"embeddable":true,"href":"https:\/\/dake.es\/pt-pt\/wp-json\/wp\/v2\/users\/1"}],"replies":[{"embeddable":true,"href":"https:\/\/dake.es\/pt-pt\/wp-json\/wp\/v2\/comments?post=176559"}],"version-history":[{"count":1,"href":"https:\/\/dake.es\/pt-pt\/wp-json\/wp\/v2\/pages\/176559\/revisions"}],"predecessor-version":[{"id":176560,"href":"https:\/\/dake.es\/pt-pt\/wp-json\/wp\/v2\/pages\/176559\/revisions\/176560"}],"wp:attachment":[{"href":"https:\/\/dake.es\/pt-pt\/wp-json\/wp\/v2\/media?parent=176559"}],"curies":[{"name":"wp","href":"https:\/\/api.w.org\/{rel}","templated":true}]}}