{"id":161611,"date":"2024-10-24T16:03:06","date_gmt":"2024-10-24T14:03:06","guid":{"rendered":"https:\/\/dake.es\/manuais-e-documentacao\/"},"modified":"2025-01-14T10:55:11","modified_gmt":"2025-01-14T09:55:11","slug":"manuais-e-documentacao","status":"publish","type":"page","link":"https:\/\/dake.es\/pt-pt\/manuais-e-documentacao\/","title":{"rendered":"MANUAIS E DOCUMENTA\u00c7\u00c3O"},"content":{"rendered":"\n<p>Descarregar ou consultar manuais de instru\u00e7\u00f5es e documenta\u00e7\u00e3o em linha, tais como desenhos t\u00e9cnicos.<\/p>\n\r\n<div class=\"content-manuals-documentation\">\r\n  \r\n  <div class=\"row mt-5\">\r\n    <div class=\"filters-wrapper col\">\r\n      <div class=\"control-custom-select\">\r\n        <label>Marca<\/label>\r\n        <select name=\"brand\" id=\"select_brand\">\r\n          <option value=\"0\">...<\/option>\r\n                      <option value=\"1462\">AGA<\/option>\r\n                      <option value=\"355\">BLANCO<\/option>\r\n                      <option value=\"796\">FHIABA<\/option>\r\n                      <option value=\"356\">INSINKERATOR<\/option>\r\n                      <option value=\"357\">JOSPER<\/option>\r\n                      <option value=\"358\">LA CORNUE<\/option>\r\n                      <option value=\"798\">NOVY<\/option>\r\n                      <option value=\"359\">OPERA<\/option>\r\n                      <option value=\"361\">STEEL<\/option>\r\n                      <option value=\"362\">U-LINE<\/option>\r\n                      <option value=\"566\">VARIMIXER<\/option>\r\n                      <option value=\"363\">VIKING<\/option>\r\n                      <option value=\"364\">WESTIN<\/option>\r\n                  <\/select>\r\n      <\/div>\r\n\r\n      <div class=\"control-custom-select\">\r\n        <label>Linha de produtos<\/label>\r\n        <select name=\"categories\" id=\"select_categories\">\r\n          <option value=\"0\">...<\/option>\r\n        <\/select>\r\n      <\/div>\r\n\r\n      <div class=\"control-custom-select\">\r\n        <label>Modelo<\/label>\r\n        <select name=\"product\" id=\"select_product\">\r\n          <option value=\"0\">...<\/option>\r\n        <\/select>\r\n      <\/div>\r\n\r\n    <\/div>\r\n  <\/div>\r\n\r\n  <div class=\"row mt-4\">\r\n    <div class=\"col\">\r\n      <div class=\"bg-silver container-manuals\">\r\n        <!-- <img decoding=\"async\" \r\n          src=\"https:\/\/dake.es\/wp-content\/themes\/astra-child\/assets\/images\/background-manuals-documentation.png\"\r\n          alt=\"img background\"\r\n          class=\"img-bg\"\r\n        \/> -->\r\n        <div class=\"content_manual_info custom-scroll\"><\/div>\r\n      <\/div>\r\n    <\/div>\r\n  <\/div>\r\n<\/div>\r\n\n\n<div style=\"height:40px\" aria-hidden=\"true\" class=\"wp-block-spacer\"><\/div>\n","protected":false},"excerpt":{"rendered":"<p>Descarregar ou consultar manuais de instru\u00e7\u00f5es e documenta\u00e7\u00e3o em linha, tais como desenhos t\u00e9cnicos.<\/p>\n","protected":false},"author":6,"featured_media":0,"parent":0,"menu_order":0,"comment_status":"closed","ping_status":"closed","template":"template-pages\/layout-01.php","meta":{"site-sidebar-layout":"default","site-content-layout":"","ast-site-content-layout":"default","site-content-style":"default","site-sidebar-style":"default","ast-global-header-display":"","ast-banner-title-visibility":"","ast-main-header-display":"","ast-hfb-above-header-display":"","ast-hfb-below-header-display":"","ast-hfb-mobile-header-display":"","site-post-title":"disabled","ast-breadcrumbs-content":"","ast-featured-img":"","footer-sml-layout":"","ast-disable-related-posts":"","theme-transparent-header-meta":"","adv-header-id-meta":"","stick-header-meta":"","header-above-stick-meta":"","header-main-stick-meta":"","header-below-stick-meta":"","astra-migrate-meta-layouts":"set","ast-page-background-enabled":"default","ast-page-background-meta":{"desktop":{"background-color":"","background-image":"","background-repeat":"repeat","background-position":"center center","background-size":"auto","background-attachment":"scroll","background-type":"","background-media":"","overlay-type":"","overlay-color":"","overlay-opacity":"","overlay-gradient":""},"tablet":{"background-color":"","background-image":"","background-repeat":"repeat","background-position":"center center","background-size":"auto","background-attachment":"scroll","background-type":"","background-media":"","overlay-type":"","overlay-color":"","overlay-opacity":"","overlay-gradient":""},"mobile":{"background-color":"","background-image":"","background-repeat":"repeat","background-position":"center center","background-size":"auto","background-attachment":"scroll","background-type":"","background-media":"","overlay-type":"","overlay-color":"","overlay-opacity":"","overlay-gradient":""}},"ast-content-background-meta":{"desktop":{"background-color":"var(--ast-global-color-5)","background-image":"","background-repeat":"repeat","background-position":"center center","background-size":"auto","background-attachment":"scroll","background-type":"","background-media":"","overlay-type":"","overlay-color":"","overlay-opacity":"","overlay-gradient":""},"tablet":{"background-color":"var(--ast-global-color-5)","background-image":"","background-repeat":"repeat","background-position":"center center","background-size":"auto","background-attachment":"scroll","background-type":"","background-media":"","overlay-type":"","overlay-color":"","overlay-opacity":"","overlay-gradient":""},"mobile":{"background-color":"var(--ast-global-color-5)","background-image":"","background-repeat":"repeat","background-position":"center center","background-size":"auto","background-attachment":"scroll","background-type":"","background-media":"","overlay-type":"","overlay-color":"","overlay-opacity":"","overlay-gradient":""}},"footnotes":""},"class_list":["post-161611","page","type-page","status-publish","hentry"],"yoast_head":"<!-- This site is optimized with the Yoast SEO plugin v27.1.1 - https:\/\/yoast.com\/product\/yoast-seo-wordpress\/ -->\n<title>MANUAIS E DOCUMENTA\u00c7\u00c3O | DAKE<\/title>\n<meta name=\"description\" content=\"Descarregar ou consultar online manuais de instru\u00e7\u00f5es e documenta\u00e7\u00e3o, tais como desenhos t\u00e9cnicos das nossas marcas: NOVY, BLANCO, STEEL, INSINKERATOR, JOSPER, FHIABA, U-LINE.\" \/>\n<meta name=\"robots\" content=\"index, follow, max-snippet:-1, max-image-preview:large, max-video-preview:-1\" \/>\n<link rel=\"canonical\" href=\"https:\/\/dake.es\/pt-pt\/manuais-e-documentacao\/\" \/>\n<meta property=\"og:locale\" content=\"pt_PT\" \/>\n<meta property=\"og:type\" content=\"article\" \/>\n<meta property=\"og:title\" content=\"MANUAIS E DOCUMENTA\u00c7\u00c3O | DAKE\" \/>\n<meta property=\"og:description\" content=\"Descarregar ou consultar online manuais de instru\u00e7\u00f5es e documenta\u00e7\u00e3o, tais como desenhos t\u00e9cnicos das nossas marcas: NOVY, BLANCO, STEEL, INSINKERATOR, JOSPER, FHIABA, U-LINE.\" \/>\n<meta property=\"og:url\" content=\"https:\/\/dake.es\/pt-pt\/manuais-e-documentacao\/\" \/>\n<meta property=\"article:publisher\" content=\"https:\/\/www.facebook.com\/DAKECultoalaCocina\" \/>\n<meta property=\"article:modified_time\" content=\"2025-01-14T09:55:11+00:00\" \/>\n<meta name=\"twitter:card\" content=\"summary_large_image\" \/>\n<meta name=\"twitter:site\" content=\"@dake_team\" \/>\n<meta name=\"twitter:label1\" content=\"Tempo estimado de leitura\" \/>\n\t<meta name=\"twitter:data1\" content=\"1 minute\" \/>\n<script type=\"application\/ld+json\" class=\"yoast-schema-graph\">{\"@context\":\"https:\/\/schema.org\",\"@graph\":[{\"@type\":\"WebPage\",\"@id\":\"https:\/\/dake.es\/pt-pt\/manuais-e-documentacao\/\",\"url\":\"https:\/\/dake.es\/pt-pt\/manuais-e-documentacao\/\",\"name\":\"MANUAIS E DOCUMENTA\u00c7\u00c3O | DAKE\",\"isPartOf\":{\"@id\":\"https:\/\/dake.es\/pt-pt\/#website\"},\"datePublished\":\"2024-10-24T14:03:06+00:00\",\"dateModified\":\"2025-01-14T09:55:11+00:00\",\"description\":\"Descarregar ou consultar online manuais de instru\u00e7\u00f5es e documenta\u00e7\u00e3o, tais como desenhos t\u00e9cnicos das nossas marcas: NOVY, BLANCO, STEEL, INSINKERATOR, JOSPER, FHIABA, U-LINE.\",\"breadcrumb\":{\"@id\":\"https:\/\/dake.es\/pt-pt\/manuais-e-documentacao\/#breadcrumb\"},\"inLanguage\":\"pt-PT\",\"potentialAction\":[{\"@type\":\"ReadAction\",\"target\":[\"https:\/\/dake.es\/pt-pt\/manuais-e-documentacao\/\"]}]},{\"@type\":\"BreadcrumbList\",\"@id\":\"https:\/\/dake.es\/pt-pt\/manuais-e-documentacao\/#breadcrumb\",\"itemListElement\":[{\"@type\":\"ListItem\",\"position\":1,\"name\":\"Portada\",\"item\":\"https:\/\/dake.es\/pt-pt\/\"},{\"@type\":\"ListItem\",\"position\":2,\"name\":\"MANUAIS E DOCUMENTA\u00c7\u00c3O\"}]},{\"@type\":\"WebSite\",\"@id\":\"https:\/\/dake.es\/pt-pt\/#website\",\"url\":\"https:\/\/dake.es\/pt-pt\/\",\"name\":\"DAKE\",\"description\":\"DAKE\",\"publisher\":{\"@id\":\"https:\/\/dake.es\/pt-pt\/#organization\"},\"potentialAction\":[{\"@type\":\"SearchAction\",\"target\":{\"@type\":\"EntryPoint\",\"urlTemplate\":\"https:\/\/dake.es\/pt-pt\/?s={search_term_string}\"},\"query-input\":{\"@type\":\"PropertyValueSpecification\",\"valueRequired\":true,\"valueName\":\"search_term_string\"}}],\"inLanguage\":\"pt-PT\"},{\"@type\":\"Organization\",\"@id\":\"https:\/\/dake.es\/pt-pt\/#organization\",\"name\":\"DAKE\",\"url\":\"https:\/\/dake.es\/pt-pt\/\",\"logo\":{\"@type\":\"ImageObject\",\"inLanguage\":\"pt-PT\",\"@id\":\"https:\/\/dake.es\/pt-pt\/#\/schema\/logo\/image\/\",\"url\":\"https:\/\/dake.es\/wp-content\/uploads\/2024\/05\/cropped-imago-e1716200344255.png\",\"contentUrl\":\"https:\/\/dake.es\/wp-content\/uploads\/2024\/05\/cropped-imago-e1716200344255.png\",\"width\":476,\"height\":471,\"caption\":\"DAKE\"},\"image\":{\"@id\":\"https:\/\/dake.es\/pt-pt\/#\/schema\/logo\/image\/\"},\"sameAs\":[\"https:\/\/www.facebook.com\/DAKECultoalaCocina\",\"https:\/\/x.com\/dake_team\",\"https:\/\/www.instagram.com\/dake_cultoalacocina\/\",\"https:\/\/www.linkedin.com\/company\/dake-culto-a-la-cocina\"]}]}<\/script>\n<!-- \/ Yoast SEO plugin. -->","yoast_head_json":{"title":"MANUAIS E DOCUMENTA\u00c7\u00c3O | DAKE","description":"Descarregar ou consultar online manuais de instru\u00e7\u00f5es e documenta\u00e7\u00e3o, tais como desenhos t\u00e9cnicos das nossas marcas: NOVY, BLANCO, STEEL, INSINKERATOR, JOSPER, FHIABA, U-LINE.","robots":{"index":"index","follow":"follow","max-snippet":"max-snippet:-1","max-image-preview":"max-image-preview:large","max-video-preview":"max-video-preview:-1"},"canonical":"https:\/\/dake.es\/pt-pt\/manuais-e-documentacao\/","og_locale":"pt_PT","og_type":"article","og_title":"MANUAIS E DOCUMENTA\u00c7\u00c3O | DAKE","og_description":"Descarregar ou consultar online manuais de instru\u00e7\u00f5es e documenta\u00e7\u00e3o, tais como desenhos t\u00e9cnicos das nossas marcas: NOVY, BLANCO, STEEL, INSINKERATOR, JOSPER, FHIABA, U-LINE.","og_url":"https:\/\/dake.es\/pt-pt\/manuais-e-documentacao\/","article_publisher":"https:\/\/www.facebook.com\/DAKECultoalaCocina","article_modified_time":"2025-01-14T09:55:11+00:00","twitter_card":"summary_large_image","twitter_site":"@dake_team","twitter_misc":{"Tempo estimado de leitura":"1 minute"},"schema":{"@context":"https:\/\/schema.org","@graph":[{"@type":"WebPage","@id":"https:\/\/dake.es\/pt-pt\/manuais-e-documentacao\/","url":"https:\/\/dake.es\/pt-pt\/manuais-e-documentacao\/","name":"MANUAIS E DOCUMENTA\u00c7\u00c3O | DAKE","isPartOf":{"@id":"https:\/\/dake.es\/pt-pt\/#website"},"datePublished":"2024-10-24T14:03:06+00:00","dateModified":"2025-01-14T09:55:11+00:00","description":"Descarregar ou consultar online manuais de instru\u00e7\u00f5es e documenta\u00e7\u00e3o, tais como desenhos t\u00e9cnicos das nossas marcas: NOVY, BLANCO, STEEL, INSINKERATOR, JOSPER, FHIABA, U-LINE.","breadcrumb":{"@id":"https:\/\/dake.es\/pt-pt\/manuais-e-documentacao\/#breadcrumb"},"inLanguage":"pt-PT","potentialAction":[{"@type":"ReadAction","target":["https:\/\/dake.es\/pt-pt\/manuais-e-documentacao\/"]}]},{"@type":"BreadcrumbList","@id":"https:\/\/dake.es\/pt-pt\/manuais-e-documentacao\/#breadcrumb","itemListElement":[{"@type":"ListItem","position":1,"name":"Portada","item":"https:\/\/dake.es\/pt-pt\/"},{"@type":"ListItem","position":2,"name":"MANUAIS E DOCUMENTA\u00c7\u00c3O"}]},{"@type":"WebSite","@id":"https:\/\/dake.es\/pt-pt\/#website","url":"https:\/\/dake.es\/pt-pt\/","name":"DAKE","description":"DAKE","publisher":{"@id":"https:\/\/dake.es\/pt-pt\/#organization"},"potentialAction":[{"@type":"SearchAction","target":{"@type":"EntryPoint","urlTemplate":"https:\/\/dake.es\/pt-pt\/?s={search_term_string}"},"query-input":{"@type":"PropertyValueSpecification","valueRequired":true,"valueName":"search_term_string"}}],"inLanguage":"pt-PT"},{"@type":"Organization","@id":"https:\/\/dake.es\/pt-pt\/#organization","name":"DAKE","url":"https:\/\/dake.es\/pt-pt\/","logo":{"@type":"ImageObject","inLanguage":"pt-PT","@id":"https:\/\/dake.es\/pt-pt\/#\/schema\/logo\/image\/","url":"https:\/\/dake.es\/wp-content\/uploads\/2024\/05\/cropped-imago-e1716200344255.png","contentUrl":"https:\/\/dake.es\/wp-content\/uploads\/2024\/05\/cropped-imago-e1716200344255.png","width":476,"height":471,"caption":"DAKE"},"image":{"@id":"https:\/\/dake.es\/pt-pt\/#\/schema\/logo\/image\/"},"sameAs":["https:\/\/www.facebook.com\/DAKECultoalaCocina","https:\/\/x.com\/dake_team","https:\/\/www.instagram.com\/dake_cultoalacocina\/","https:\/\/www.linkedin.com\/company\/dake-culto-a-la-cocina"]}]}},"_links":{"self":[{"href":"https:\/\/dake.es\/pt-pt\/wp-json\/wp\/v2\/pages\/161611","targetHints":{"allow":["GET"]}}],"collection":[{"href":"https:\/\/dake.es\/pt-pt\/wp-json\/wp\/v2\/pages"}],"about":[{"href":"https:\/\/dake.es\/pt-pt\/wp-json\/wp\/v2\/types\/page"}],"author":[{"embeddable":true,"href":"https:\/\/dake.es\/pt-pt\/wp-json\/wp\/v2\/users\/6"}],"replies":[{"embeddable":true,"href":"https:\/\/dake.es\/pt-pt\/wp-json\/wp\/v2\/comments?post=161611"}],"version-history":[{"count":0,"href":"https:\/\/dake.es\/pt-pt\/wp-json\/wp\/v2\/pages\/161611\/revisions"}],"wp:attachment":[{"href":"https:\/\/dake.es\/pt-pt\/wp-json\/wp\/v2\/media?parent=161611"}],"curies":[{"name":"wp","href":"https:\/\/api.w.org\/{rel}","templated":true}]}}