{"id":10330,"date":"2022-10-25T10:55:56","date_gmt":"2022-10-25T08:55:56","guid":{"rendered":"https:\/\/dake.es\/nos\/"},"modified":"2025-03-06T14:35:55","modified_gmt":"2025-03-06T13:35:55","slug":"nos","status":"publish","type":"page","link":"https:\/\/dake.es\/pt-pt\/nos\/","title":{"rendered":"SOBRE N\u00d3S"},"content":{"rendered":"\n<section id=\"nosotros\" class=\"wp-block-group is-layout-constrained wp-block-group-is-layout-constrained\" style=\"padding-top:0;padding-bottom:0\">\n<div class=\"wp-block-group is-vertical is-content-justification-stretch is-layout-flex wp-container-core-group-is-layout-2691f6fe wp-block-group-is-layout-flex\" style=\"padding-top:0;padding-bottom:0\"><div class=\"wp-block-group__inner-container\">\n<h2 class=\"wp-block-heading\">PORQU\u00ca N\u00d3S?<\/h2>\n\n\n\n<div class=\"wp-block-columns are-vertically-aligned-center border-bottom py-5 is-layout-flex wp-container-core-columns-is-layout-7abde1fe wp-block-columns-is-layout-flex\" style=\"padding-top:var(--wp--preset--spacing--40);padding-bottom:var(--wp--preset--spacing--40)\">\n<div class=\"wp-block-column is-vertically-aligned-center is-layout-flow wp-container-core-column-is-layout-22223934 wp-block-column-is-layout-flow\" style=\"flex-basis:33.33%\">\n<h3 class=\"wp-block-heading\">PARA O NOSSO<\/h3>\n\n\n\n<h3 class=\"wp-block-heading\"><mark style=\"background-color:var(--ast-global-color-0)\" class=\"has-inline-color has-ast-global-color-5-color\"> FILOSOFIA <\/mark><\/h3>\n<\/div>\n\n\n\n<div class=\"wp-block-column is-vertically-aligned-center is-layout-flow wp-block-column-is-layout-flow\" style=\"padding-right:0;padding-left:0;flex-basis:66.66%\">\n<p class=\"has-medium-font-size\">A nossa preocupa\u00e7\u00e3o \u00e9 prestar o melhor servi\u00e7o aos nossos clientes, que representam a nossa raz\u00e3o de ser e para os quais nos esfor\u00e7amos por melhorar continuamente.<\/p>\n<\/div>\n<\/div>\n\n\n\n<div class=\"wp-block-columns are-vertically-aligned-center border-bottom py-5 is-layout-flex wp-container-core-columns-is-layout-7abde1fe wp-block-columns-is-layout-flex\" style=\"padding-top:var(--wp--preset--spacing--40);padding-bottom:var(--wp--preset--spacing--40)\">\n<div class=\"wp-block-column is-vertically-aligned-center is-layout-flow wp-container-core-column-is-layout-22223934 wp-block-column-is-layout-flow\" style=\"flex-basis:33.33%\">\n<h3 class=\"wp-block-heading\">PARA O NOSSO<\/h3>\n\n\n\n<h3 class=\"wp-block-heading\"><mark style=\"background-color:var(--ast-global-color-0)\" class=\"has-inline-color has-ast-global-color-5-color\"> EXPERI\u00caNCIA <\/mark><\/h3>\n<\/div>\n\n\n\n<div class=\"wp-block-column is-vertically-aligned-center is-layout-flow wp-block-column-is-layout-flow\" style=\"padding-right:0;padding-left:0;flex-basis:66.66%\">\n<p class=\"has-medium-font-size\">Mais de 30 anos no sector garantem o nosso conhecimento e experi\u00eancia profissional, dando respostas e apoio \u00e0s necessidades dos nossos clientes.<\/p>\n<\/div>\n<\/div>\n\n\n\n<div class=\"wp-block-columns are-vertically-aligned-center border-bottom py-5 is-layout-flex wp-container-core-columns-is-layout-7abde1fe wp-block-columns-is-layout-flex\" style=\"padding-top:var(--wp--preset--spacing--40);padding-bottom:var(--wp--preset--spacing--40)\">\n<div class=\"wp-block-column is-vertically-aligned-center is-layout-flow wp-container-core-column-is-layout-22223934 wp-block-column-is-layout-flow\" style=\"flex-basis:33.33%\">\n<h3 class=\"wp-block-heading\">PARA NOSSAS<\/h3>\n\n\n\n<h3 class=\"wp-block-heading\"><mark style=\"background-color:var(--ast-global-color-0)\" class=\"has-inline-color has-ast-global-color-5-color\"> MARCAS <\/mark><\/h3>\n<\/div>\n\n\n\n<div class=\"wp-block-column is-vertically-aligned-center is-layout-flow wp-block-column-is-layout-flow\" style=\"padding-right:0;padding-left:0;flex-basis:66.66%\">\n<p class=\"has-medium-font-size\">Distribu\u00edmos uma vasta carteira de marcas de prest\u00edgio e renome internacional em Espanha, Portugal e Andorra.<\/p>\n<\/div>\n<\/div>\n\n\n\n<div class=\"wp-block-columns are-vertically-aligned-center py-5 is-layout-flex wp-container-core-columns-is-layout-7abde1fe wp-block-columns-is-layout-flex\" style=\"padding-top:var(--wp--preset--spacing--40);padding-bottom:var(--wp--preset--spacing--40)\">\n<div class=\"wp-block-column is-vertically-aligned-center is-layout-flow wp-container-core-column-is-layout-22223934 wp-block-column-is-layout-flow\" style=\"flex-basis:33.33%\">\n<h3 class=\"wp-block-heading\">PARA O NOSSO<\/h3>\n\n\n\n<h3 class=\"wp-block-heading\"><mark style=\"background-color:var(--ast-global-color-0)\" class=\"has-inline-color has-ast-global-color-5-color\"> PAIX\u00c3O <\/mark><\/h3>\n<\/div>\n\n\n\n<div class=\"wp-block-column is-vertically-aligned-center is-layout-flow wp-block-column-is-layout-flow\" style=\"padding-right:0;padding-left:0;flex-basis:66.66%\">\n<p class=\"has-medium-font-size\">A nossa voca\u00e7\u00e3o para a cozinha leva-nos a oferecer os melhores produtos e marcas para participar nos projectos mais exclusivos dos nossos clientes.<\/p>\n<\/div>\n<\/div>\n<\/div><\/div>\n<\/section>\n\n\n\n<section class=\"wp-block-group alignfull is-layout-constrained wp-block-group-is-layout-constrained\" id=\"distribuidores\">\n<div class=\"wp-block-cover\" style=\"padding-top:var(--wp--preset--spacing--80);padding-bottom:var(--wp--preset--spacing--80);min-height:50px;aspect-ratio:unset;\"><span aria-hidden=\"true\" class=\"wp-block-cover__background has-ast-global-color-0-background-color has-background-dim-100 has-background-dim\"><\/span><div class=\"wp-block-cover__inner-container is-layout-constrained wp-block-cover-is-layout-constrained\">\n<h2 class=\"wp-block-heading has-text-align-left has-ast-global-color-5-color has-text-color has-link-color has-large-font-size wp-elements-0bf0efc289f4ff2a39b0f174e3c28171\">QUER SER NOSSO DISTRIBUIDOR?<\/h2>\n\n\n\n<p class=\"has-ast-global-color-5-color has-text-color has-link-color has-medium-font-size wp-elements-d2fe3f6272c521054b802bb50d999e36\">Com a DAKE ter\u00e1 a oportunidade de representar uma vasta e exclusiva carteira de marcas distribu\u00eddas em Espanha, Portugal e Andorra.<\/p>\n<\/div><\/div>\n<\/section>\n\n\n\n<section id=\"contacto\" class=\"wp-block-group is-vertical is-layout-flex wp-container-core-group-is-layout-fe9cc265 wp-block-group-is-layout-flex\">\n<p class=\"has-medium-font-size\">Na DAKE, gostamos de ouvir os nossos clientes e de os atender o mais r\u00e1pida e eficientemente poss\u00edvel. Pode contactar-nos em <strong>comercial@dake.es<\/strong> ou ligando para o n\u00famero de telefone:<\/p>\n\n\n\n<div class=\"wp-block-group is-nowrap is-layout-flex wp-container-core-group-is-layout-784f2a4f wp-block-group-is-layout-flex\" style=\"padding-top:0;padding-bottom:0\">\n<figure class=\"wp-block-image alignleft size-full is-resized my-0\"><img decoding=\"async\" src=\"https:\/\/dake.es\/wp-content\/uploads\/2024\/09\/phone-solid.svg\" alt=\"\" class=\"wp-image-160919\" style=\"object-fit:contain;width:25px;height:auto\"\/><\/figure>\n\n\n\n<p class=\"has-medium-font-size\"><strong><a href=\"tel:+351969924562\"><a href=\"tel:+351969924562\">969 924 562<\/a><\/a><\/strong><\/p>\n<\/div>\n<\/section>\n\n\n\n<div class=\"wp-block-group alignfull is-layout-constrained wp-block-group-is-layout-constrained\" id=\"formulario\" style=\"padding-top:0;padding-bottom:0\"><div class=\"wp-block-group__inner-container\">\n<div class=\"wp-block-cover alignfull\"><span aria-hidden=\"true\" class=\"wp-block-cover__background has-ast-global-color-0-background-color has-background-dim-80 has-background-dim\"><\/span><img loading=\"lazy\" decoding=\"async\" width=\"1080\" height=\"566\" class=\"wp-block-cover__image-background wp-image-1622\" alt=\"TRITURADORES\" src=\"https:\/\/dk.pixeladas.com.es\/wp-content\/uploads\/2022\/06\/TRITURADORES-02.jpeg\" data-object-fit=\"cover\" srcset=\"https:\/\/dake.es\/wp-content\/uploads\/2022\/06\/TRITURADORES-02.jpeg 1080w, https:\/\/dake.es\/wp-content\/uploads\/2022\/06\/TRITURADORES-02-300x157.jpeg 300w, https:\/\/dake.es\/wp-content\/uploads\/2022\/06\/TRITURADORES-02-600x314.jpeg 600w, https:\/\/dake.es\/wp-content\/uploads\/2022\/06\/TRITURADORES-02-64x34.jpeg 64w, https:\/\/dake.es\/wp-content\/uploads\/2022\/06\/TRITURADORES-02-1024x537.jpeg 1024w, https:\/\/dake.es\/wp-content\/uploads\/2022\/06\/TRITURADORES-02-768x402.jpeg 768w\" sizes=\"auto, (max-width: 1080px) 100vw, 1080px\" \/><div class=\"wp-block-cover__inner-container is-layout-flow wp-block-cover-is-layout-flow\">\n<div class=\"wp-block-columns is-layout-flex wp-container-core-columns-is-layout-28f84493 wp-block-columns-is-layout-flex\">\n<div class=\"wp-block-column is-layout-flow wp-block-column-is-layout-flow\"><\/div>\n<\/div>\n<\/div><\/div>\n<\/div><\/div>\n","protected":false},"excerpt":{"rendered":"<p>PORQU\u00ca N\u00d3S? PARA O NOSSO FILOSOFIA A nossa preocupa\u00e7\u00e3o \u00e9 prestar o melhor servi\u00e7o aos nossos clientes, que representam a nossa raz\u00e3o de ser e para os quais nos esfor\u00e7amos<\/p>\n","protected":false},"author":1,"featured_media":160070,"parent":0,"menu_order":0,"comment_status":"closed","ping_status":"closed","template":"template-pages\/layout-01.php","meta":{"site-sidebar-layout":"default","site-content-layout":"default","ast-site-content-layout":"default","site-content-style":"default","site-sidebar-style":"default","ast-global-header-display":"","ast-banner-title-visibility":"","ast-main-header-display":"","ast-hfb-above-header-display":"","ast-hfb-below-header-display":"","ast-hfb-mobile-header-display":"","site-post-title":"disabled","ast-breadcrumbs-content":"","ast-featured-img":"","footer-sml-layout":"","ast-disable-related-posts":"","theme-transparent-header-meta":"","adv-header-id-meta":"","stick-header-meta":"","header-above-stick-meta":"","header-main-stick-meta":"","header-below-stick-meta":"","astra-migrate-meta-layouts":"set","ast-page-background-enabled":"default","ast-page-background-meta":{"desktop":{"background-color":"","background-image":"","background-repeat":"repeat","background-position":"center center","background-size":"auto","background-attachment":"scroll","background-type":"","background-media":"","overlay-type":"","overlay-color":"","overlay-opacity":"","overlay-gradient":""},"tablet":{"background-color":"","background-image":"","background-repeat":"repeat","background-position":"center center","background-size":"auto","background-attachment":"scroll","background-type":"","background-media":"","overlay-type":"","overlay-color":"","overlay-opacity":"","overlay-gradient":""},"mobile":{"background-color":"","background-image":"","background-repeat":"repeat","background-position":"center center","background-size":"auto","background-attachment":"scroll","background-type":"","background-media":"","overlay-type":"","overlay-color":"","overlay-opacity":"","overlay-gradient":""}},"ast-content-background-meta":{"desktop":{"background-color":"var(--ast-global-color-5)","background-image":"","background-repeat":"repeat","background-position":"center center","background-size":"auto","background-attachment":"scroll","background-type":"","background-media":"","overlay-type":"","overlay-color":"","overlay-opacity":"","overlay-gradient":""},"tablet":{"background-color":"var(--ast-global-color-5)","background-image":"","background-repeat":"repeat","background-position":"center center","background-size":"auto","background-attachment":"scroll","background-type":"","background-media":"","overlay-type":"","overlay-color":"","overlay-opacity":"","overlay-gradient":""},"mobile":{"background-color":"var(--ast-global-color-5)","background-image":"","background-repeat":"repeat","background-position":"center center","background-size":"auto","background-attachment":"scroll","background-type":"","background-media":"","overlay-type":"","overlay-color":"","overlay-opacity":"","overlay-gradient":""}},"footnotes":""},"class_list":["post-10330","page","type-page","status-publish","has-post-thumbnail","hentry"],"yoast_head":"<!-- This site is optimized with the Yoast SEO plugin v27.5 - https:\/\/yoast.com\/product\/yoast-seo-wordpress\/ -->\n<title>SOBRE N\u00d3S | DAKE<\/title>\n<meta name=\"description\" content=\"Desde a nossa funda\u00e7\u00e3o em 1990, continuamos a emocionar-nos com as cozinhas mais exclusivas. Representamos grandes marcas em Espanha, Andorra e Portugal.\" \/>\n<meta name=\"robots\" content=\"index, follow, max-snippet:-1, max-image-preview:large, max-video-preview:-1\" \/>\n<link rel=\"canonical\" href=\"https:\/\/dake.es\/pt-pt\/nos\/\" \/>\n<meta property=\"og:locale\" content=\"pt_PT\" \/>\n<meta property=\"og:type\" content=\"article\" \/>\n<meta property=\"og:title\" content=\"SOBRE N\u00d3S | DAKE\" \/>\n<meta property=\"og:description\" content=\"Desde a nossa funda\u00e7\u00e3o em 1990, continuamos a emocionar-nos com as cozinhas mais exclusivas. Representamos grandes marcas em Espanha, Andorra e Portugal.\" \/>\n<meta property=\"og:url\" content=\"https:\/\/dake.es\/pt-pt\/nos\/\" \/>\n<meta property=\"article:publisher\" content=\"https:\/\/www.facebook.com\/DAKECultoalaCocina\" \/>\n<meta property=\"article:modified_time\" content=\"2025-03-06T13:35:55+00:00\" \/>\n<meta property=\"og:image\" content=\"https:\/\/dake.es\/wp-content\/uploads\/2024\/06\/DAKE-0234-scaled.jpg\" \/>\n\t<meta property=\"og:image:width\" content=\"2560\" \/>\n\t<meta property=\"og:image:height\" content=\"1415\" \/>\n\t<meta property=\"og:image:type\" content=\"image\/jpeg\" \/>\n<meta name=\"twitter:card\" content=\"summary_large_image\" \/>\n<meta name=\"twitter:site\" content=\"@dake_team\" \/>\n<meta name=\"twitter:label1\" content=\"Tempo estimado de leitura\" \/>\n\t<meta name=\"twitter:data1\" content=\"2 minutes\" \/>\n<script type=\"application\/ld+json\" class=\"yoast-schema-graph\">{\"@context\":\"https:\\\/\\\/schema.org\",\"@graph\":[{\"@type\":\"WebPage\",\"@id\":\"https:\\\/\\\/dake.es\\\/pt-pt\\\/nos\\\/\",\"url\":\"https:\\\/\\\/dake.es\\\/pt-pt\\\/nos\\\/\",\"name\":\"SOBRE N\u00d3S | DAKE\",\"isPartOf\":{\"@id\":\"https:\\\/\\\/dake.es\\\/pt-pt\\\/#website\"},\"primaryImageOfPage\":{\"@id\":\"https:\\\/\\\/dake.es\\\/pt-pt\\\/nos\\\/#primaryimage\"},\"image\":{\"@id\":\"https:\\\/\\\/dake.es\\\/pt-pt\\\/nos\\\/#primaryimage\"},\"thumbnailUrl\":\"https:\\\/\\\/dake.es\\\/wp-content\\\/uploads\\\/2024\\\/06\\\/DAKE-0234-scaled.jpg\",\"datePublished\":\"2022-10-25T08:55:56+00:00\",\"dateModified\":\"2025-03-06T13:35:55+00:00\",\"description\":\"Desde a nossa funda\u00e7\u00e3o em 1990, continuamos a emocionar-nos com as cozinhas mais exclusivas. Representamos grandes marcas em Espanha, Andorra e Portugal.\",\"breadcrumb\":{\"@id\":\"https:\\\/\\\/dake.es\\\/pt-pt\\\/nos\\\/#breadcrumb\"},\"inLanguage\":\"pt-PT\",\"potentialAction\":[{\"@type\":\"ReadAction\",\"target\":[\"https:\\\/\\\/dake.es\\\/pt-pt\\\/nos\\\/\"]}]},{\"@type\":\"ImageObject\",\"inLanguage\":\"pt-PT\",\"@id\":\"https:\\\/\\\/dake.es\\\/pt-pt\\\/nos\\\/#primaryimage\",\"url\":\"https:\\\/\\\/dake.es\\\/wp-content\\\/uploads\\\/2024\\\/06\\\/DAKE-0234-scaled.jpg\",\"contentUrl\":\"https:\\\/\\\/dake.es\\\/wp-content\\\/uploads\\\/2024\\\/06\\\/DAKE-0234-scaled.jpg\",\"width\":2560,\"height\":1415},{\"@type\":\"BreadcrumbList\",\"@id\":\"https:\\\/\\\/dake.es\\\/pt-pt\\\/nos\\\/#breadcrumb\",\"itemListElement\":[{\"@type\":\"ListItem\",\"position\":1,\"name\":\"Portada\",\"item\":\"https:\\\/\\\/dake.es\\\/pt-pt\\\/\"},{\"@type\":\"ListItem\",\"position\":2,\"name\":\"SOBRE N\u00d3S\"}]},{\"@type\":\"WebSite\",\"@id\":\"https:\\\/\\\/dake.es\\\/pt-pt\\\/#website\",\"url\":\"https:\\\/\\\/dake.es\\\/pt-pt\\\/\",\"name\":\"DAKE\",\"description\":\"DAKE\",\"publisher\":{\"@id\":\"https:\\\/\\\/dake.es\\\/pt-pt\\\/#organization\"},\"potentialAction\":[{\"@type\":\"SearchAction\",\"target\":{\"@type\":\"EntryPoint\",\"urlTemplate\":\"https:\\\/\\\/dake.es\\\/pt-pt\\\/?s={search_term_string}\"},\"query-input\":{\"@type\":\"PropertyValueSpecification\",\"valueRequired\":true,\"valueName\":\"search_term_string\"}}],\"inLanguage\":\"pt-PT\"},{\"@type\":\"Organization\",\"@id\":\"https:\\\/\\\/dake.es\\\/pt-pt\\\/#organization\",\"name\":\"DAKE\",\"url\":\"https:\\\/\\\/dake.es\\\/pt-pt\\\/\",\"logo\":{\"@type\":\"ImageObject\",\"inLanguage\":\"pt-PT\",\"@id\":\"https:\\\/\\\/dake.es\\\/pt-pt\\\/#\\\/schema\\\/logo\\\/image\\\/\",\"url\":\"https:\\\/\\\/dake.es\\\/wp-content\\\/uploads\\\/2024\\\/05\\\/cropped-imago-e1716200344255.png\",\"contentUrl\":\"https:\\\/\\\/dake.es\\\/wp-content\\\/uploads\\\/2024\\\/05\\\/cropped-imago-e1716200344255.png\",\"width\":476,\"height\":471,\"caption\":\"DAKE\"},\"image\":{\"@id\":\"https:\\\/\\\/dake.es\\\/pt-pt\\\/#\\\/schema\\\/logo\\\/image\\\/\"},\"sameAs\":[\"https:\\\/\\\/www.facebook.com\\\/DAKECultoalaCocina\",\"https:\\\/\\\/x.com\\\/dake_team\",\"https:\\\/\\\/www.instagram.com\\\/dake_cultoalacocina\\\/\",\"https:\\\/\\\/www.linkedin.com\\\/company\\\/dake-culto-a-la-cocina\"]}]}<\/script>\n<!-- \/ Yoast SEO plugin. -->","yoast_head_json":{"title":"SOBRE N\u00d3S | DAKE","description":"Desde a nossa funda\u00e7\u00e3o em 1990, continuamos a emocionar-nos com as cozinhas mais exclusivas. Representamos grandes marcas em Espanha, Andorra e Portugal.","robots":{"index":"index","follow":"follow","max-snippet":"max-snippet:-1","max-image-preview":"max-image-preview:large","max-video-preview":"max-video-preview:-1"},"canonical":"https:\/\/dake.es\/pt-pt\/nos\/","og_locale":"pt_PT","og_type":"article","og_title":"SOBRE N\u00d3S | DAKE","og_description":"Desde a nossa funda\u00e7\u00e3o em 1990, continuamos a emocionar-nos com as cozinhas mais exclusivas. Representamos grandes marcas em Espanha, Andorra e Portugal.","og_url":"https:\/\/dake.es\/pt-pt\/nos\/","article_publisher":"https:\/\/www.facebook.com\/DAKECultoalaCocina","article_modified_time":"2025-03-06T13:35:55+00:00","og_image":[{"width":2560,"height":1415,"url":"https:\/\/dake.es\/wp-content\/uploads\/2024\/06\/DAKE-0234-scaled.jpg","type":"image\/jpeg"}],"twitter_card":"summary_large_image","twitter_site":"@dake_team","twitter_misc":{"Tempo estimado de leitura":"2 minutes"},"schema":{"@context":"https:\/\/schema.org","@graph":[{"@type":"WebPage","@id":"https:\/\/dake.es\/pt-pt\/nos\/","url":"https:\/\/dake.es\/pt-pt\/nos\/","name":"SOBRE N\u00d3S | DAKE","isPartOf":{"@id":"https:\/\/dake.es\/pt-pt\/#website"},"primaryImageOfPage":{"@id":"https:\/\/dake.es\/pt-pt\/nos\/#primaryimage"},"image":{"@id":"https:\/\/dake.es\/pt-pt\/nos\/#primaryimage"},"thumbnailUrl":"https:\/\/dake.es\/wp-content\/uploads\/2024\/06\/DAKE-0234-scaled.jpg","datePublished":"2022-10-25T08:55:56+00:00","dateModified":"2025-03-06T13:35:55+00:00","description":"Desde a nossa funda\u00e7\u00e3o em 1990, continuamos a emocionar-nos com as cozinhas mais exclusivas. Representamos grandes marcas em Espanha, Andorra e Portugal.","breadcrumb":{"@id":"https:\/\/dake.es\/pt-pt\/nos\/#breadcrumb"},"inLanguage":"pt-PT","potentialAction":[{"@type":"ReadAction","target":["https:\/\/dake.es\/pt-pt\/nos\/"]}]},{"@type":"ImageObject","inLanguage":"pt-PT","@id":"https:\/\/dake.es\/pt-pt\/nos\/#primaryimage","url":"https:\/\/dake.es\/wp-content\/uploads\/2024\/06\/DAKE-0234-scaled.jpg","contentUrl":"https:\/\/dake.es\/wp-content\/uploads\/2024\/06\/DAKE-0234-scaled.jpg","width":2560,"height":1415},{"@type":"BreadcrumbList","@id":"https:\/\/dake.es\/pt-pt\/nos\/#breadcrumb","itemListElement":[{"@type":"ListItem","position":1,"name":"Portada","item":"https:\/\/dake.es\/pt-pt\/"},{"@type":"ListItem","position":2,"name":"SOBRE N\u00d3S"}]},{"@type":"WebSite","@id":"https:\/\/dake.es\/pt-pt\/#website","url":"https:\/\/dake.es\/pt-pt\/","name":"DAKE","description":"DAKE","publisher":{"@id":"https:\/\/dake.es\/pt-pt\/#organization"},"potentialAction":[{"@type":"SearchAction","target":{"@type":"EntryPoint","urlTemplate":"https:\/\/dake.es\/pt-pt\/?s={search_term_string}"},"query-input":{"@type":"PropertyValueSpecification","valueRequired":true,"valueName":"search_term_string"}}],"inLanguage":"pt-PT"},{"@type":"Organization","@id":"https:\/\/dake.es\/pt-pt\/#organization","name":"DAKE","url":"https:\/\/dake.es\/pt-pt\/","logo":{"@type":"ImageObject","inLanguage":"pt-PT","@id":"https:\/\/dake.es\/pt-pt\/#\/schema\/logo\/image\/","url":"https:\/\/dake.es\/wp-content\/uploads\/2024\/05\/cropped-imago-e1716200344255.png","contentUrl":"https:\/\/dake.es\/wp-content\/uploads\/2024\/05\/cropped-imago-e1716200344255.png","width":476,"height":471,"caption":"DAKE"},"image":{"@id":"https:\/\/dake.es\/pt-pt\/#\/schema\/logo\/image\/"},"sameAs":["https:\/\/www.facebook.com\/DAKECultoalaCocina","https:\/\/x.com\/dake_team","https:\/\/www.instagram.com\/dake_cultoalacocina\/","https:\/\/www.linkedin.com\/company\/dake-culto-a-la-cocina"]}]}},"_links":{"self":[{"href":"https:\/\/dake.es\/pt-pt\/wp-json\/wp\/v2\/pages\/10330","targetHints":{"allow":["GET"]}}],"collection":[{"href":"https:\/\/dake.es\/pt-pt\/wp-json\/wp\/v2\/pages"}],"about":[{"href":"https:\/\/dake.es\/pt-pt\/wp-json\/wp\/v2\/types\/page"}],"author":[{"embeddable":true,"href":"https:\/\/dake.es\/pt-pt\/wp-json\/wp\/v2\/users\/1"}],"replies":[{"embeddable":true,"href":"https:\/\/dake.es\/pt-pt\/wp-json\/wp\/v2\/comments?post=10330"}],"version-history":[{"count":5,"href":"https:\/\/dake.es\/pt-pt\/wp-json\/wp\/v2\/pages\/10330\/revisions"}],"predecessor-version":[{"id":163348,"href":"https:\/\/dake.es\/pt-pt\/wp-json\/wp\/v2\/pages\/10330\/revisions\/163348"}],"wp:featuredmedia":[{"embeddable":true,"href":"https:\/\/dake.es\/pt-pt\/wp-json\/wp\/v2\/media\/160070"}],"wp:attachment":[{"href":"https:\/\/dake.es\/pt-pt\/wp-json\/wp\/v2\/media?parent=10330"}],"curies":[{"name":"wp","href":"https:\/\/api.w.org\/{rel}","templated":true}]}}